{"id":10425,"date":"2023-10-11T15:30:52","date_gmt":"2023-10-11T13:30:52","guid":{"rendered":"https:\/\/armcdh.ma\/supports-educatifs\/guide-pour-la-promotion-de-la-culture-des-droits-de-lhomme-et-la-citoyennete-a-travers-le-cinema\/"},"modified":"2023-10-11T16:50:06","modified_gmt":"2023-10-11T14:50:06","slug":"guide-pour-la-promotion-de-la-culture-des-droits-de-lhomme-et-la-citoyennete-a-travers-le-cinema","status":"publish","type":"page","link":"https:\/\/armcdh.ma\/ar\/supports-educatifs\/guide-pour-la-promotion-de-la-culture-des-droits-de-lhomme-et-la-citoyennete-a-travers-le-cinema\/","title":{"rendered":"\u062f\u0644\u064a\u0644 \u0627\u0644\u0646\u0647\u0648\u0636 \u0628\u062b\u0642\u0627\u0641\u0629 \u062d\u0642\u0648\u0642 \u0627\u0644\u0627\u0655\u0646\u0633\u0627\u0646 \u0639\u0628\u0631 \u0627\u0644\u0633\u064a\u0646\u0645\u0627"},"content":{"rendered":"<p>[vc_row][vc_column][vc_empty_space height=&#8221;50px&#8221;][vc_column_text]<div class=\"_df_book df-lite\" id=\"df_6431\"  _slug=\"guide\" data-title=\"guide\" wpoptions=\"true\" thumbtype=\"\" ><\/div><script class=\"df-shortcode-script\" nowprocket type=\"application\/javascript\">window.option_df_6431 = {\"outline\":[],\"autoEnableOutline\":\"false\",\"autoEnableThumbnail\":\"false\",\"overwritePDFOutline\":\"false\",\"direction\":\"2\",\"pageSize\":\"0\",\"source\":\"https:\\\/\\\/armcdh.ma\\\/wp-content\\\/uploads\\\/2021\\\/08\\\/042021-GUIDE-cinema-ARMCDH-FINAL-Version-Interactive.pdf\",\"wpOptions\":\"true\"}; if(window.DFLIP && window.DFLIP.parseBooks){window.DFLIP.parseBooks();}<\/script>[\/vc_column_text][\/vc_column][\/vc_row][vc_row content_aligment=&#8221;center&#8221; css=&#8221;.vc_custom_1637960332429{margin-top: 100px !important;margin-bottom: 100px !important;}&#8221;][vc_column]<a href=\"https:\/\/armcdh.ma\/wp-content\/uploads\/2021\/08\/042021-GUIDE-cinema-ARMCDH-FINAL-Version-Interactive.pdf\" target=\"_blank\"  class=\"edgtf-btn edgtf-btn-medium edgtf-btn-solid\"  >\n            <span class=\"edgtf-btn-text\">\u062a\u062d\u0645\u064a\u0644 \u0627\u0644\u0645\u0644\u0641<\/span>\n            <\/a>[\/vc_column][\/vc_row]<\/p>\n","protected":false},"excerpt":{"rendered":"<p>[vc_row][vc_column][vc_empty_space height=&#8221;50px&#8221;][vc_column_text][\/vc_column_text][\/vc_column][\/vc_row][vc_row content_aligment=&#8221;center&#8221; css=&#8221;.vc_custom_1637960332429{margin-top: 100px !important;margin-bottom: 100px !important;}&#8221;][vc_column][\/vc_column][\/vc_row]<\/p>\n","protected":false},"author":1,"featured_media":0,"parent":8360,"menu_order":0,"comment_status":"closed","ping_status":"closed","template":"","meta":{"_acf_changed":false,"footnotes":""},"class_list":["post-10425","page","type-page","status-publish","hentry"],"acf":[],"yoast_head":"<!-- This site is optimized with the Yoast SEO plugin v26.2 - https:\/\/yoast.com\/wordpress\/plugins\/seo\/ -->\n<title>\u062f\u0644\u064a\u0644 \u0627\u0644\u0646\u0647\u0648\u0636 \u0628\u062b\u0642\u0627\u0641\u0629 \u062d\u0642\u0648\u0642 \u0627\u0644\u0627\u0655\u0646\u0633\u0627\u0646 \u0639\u0628\u0631 \u0627\u0644\u0633\u064a\u0646\u0645\u0627 - ARMCDH<\/title>\n<meta name=\"robots\" content=\"index, follow, max-snippet:-1, max-image-preview:large, max-video-preview:-1\" \/>\n<link rel=\"canonical\" href=\"https:\/\/armcdh.ma\/ar\/supports-educatifs\/guide-pour-la-promotion-de-la-culture-des-droits-de-lhomme-et-la-citoyennete-a-travers-le-cinema\/\" \/>\n<meta property=\"og:locale\" content=\"ar_AR\" \/>\n<meta property=\"og:type\" content=\"article\" \/>\n<meta property=\"og:title\" content=\"\u062f\u0644\u064a\u0644 \u0627\u0644\u0646\u0647\u0648\u0636 \u0628\u062b\u0642\u0627\u0641\u0629 \u062d\u0642\u0648\u0642 \u0627\u0644\u0627\u0655\u0646\u0633\u0627\u0646 \u0639\u0628\u0631 \u0627\u0644\u0633\u064a\u0646\u0645\u0627 - ARMCDH\" \/>\n<meta property=\"og:description\" content=\"[vc_row][vc_column][vc_empty_space height=&#8221;50px&#8221;][vc_column_text][\/vc_column_text][\/vc_column][\/vc_row][vc_row content_aligment=&#8221;center&#8221; css=&#8221;.vc_custom_1637960332429{margin-top: 100px !important;margin-bottom: 100px !important;}&#8221;][vc_column][\/vc_column][\/vc_row]\" \/>\n<meta property=\"og:url\" content=\"https:\/\/armcdh.ma\/ar\/supports-educatifs\/guide-pour-la-promotion-de-la-culture-des-droits-de-lhomme-et-la-citoyennete-a-travers-le-cinema\/\" \/>\n<meta property=\"og:site_name\" content=\"ARMCDH\" \/>\n<meta property=\"article:modified_time\" content=\"2023-10-11T14:50:06+00:00\" \/>\n<meta name=\"twitter:card\" content=\"summary_large_image\" \/>\n<meta name=\"twitter:label1\" content=\"\u0648\u0642\u062a \u0627\u0644\u0642\u0631\u0627\u0621\u0629 \u0627\u0644\u0645\u064f\u0642\u062f\u0651\u0631\" \/>\n\t<meta name=\"twitter:data1\" content=\"1 \u062f\u0642\u064a\u0642\u0629\" \/>\n<script type=\"application\/ld+json\" class=\"yoast-schema-graph\">{\"@context\":\"https:\/\/schema.org\",\"@graph\":[{\"@type\":\"WebPage\",\"@id\":\"https:\/\/armcdh.ma\/ar\/supports-educatifs\/guide-pour-la-promotion-de-la-culture-des-droits-de-lhomme-et-la-citoyennete-a-travers-le-cinema\/\",\"url\":\"https:\/\/armcdh.ma\/ar\/supports-educatifs\/guide-pour-la-promotion-de-la-culture-des-droits-de-lhomme-et-la-citoyennete-a-travers-le-cinema\/\",\"name\":\"\u062f\u0644\u064a\u0644 \u0627\u0644\u0646\u0647\u0648\u0636 \u0628\u062b\u0642\u0627\u0641\u0629 \u062d\u0642\u0648\u0642 \u0627\u0644\u0627\u0655\u0646\u0633\u0627\u0646 \u0639\u0628\u0631 \u0627\u0644\u0633\u064a\u0646\u0645\u0627 - ARMCDH\",\"isPartOf\":{\"@id\":\"https:\/\/armcdh.ma\/ar\/#website\"},\"datePublished\":\"2023-10-11T13:30:52+00:00\",\"dateModified\":\"2023-10-11T14:50:06+00:00\",\"breadcrumb\":{\"@id\":\"https:\/\/armcdh.ma\/ar\/supports-educatifs\/guide-pour-la-promotion-de-la-culture-des-droits-de-lhomme-et-la-citoyennete-a-travers-le-cinema\/#breadcrumb\"},\"inLanguage\":\"ar\",\"potentialAction\":[{\"@type\":\"ReadAction\",\"target\":[\"https:\/\/armcdh.ma\/ar\/supports-educatifs\/guide-pour-la-promotion-de-la-culture-des-droits-de-lhomme-et-la-citoyennete-a-travers-le-cinema\/\"]}]},{\"@type\":\"BreadcrumbList\",\"@id\":\"https:\/\/armcdh.ma\/ar\/supports-educatifs\/guide-pour-la-promotion-de-la-culture-des-droits-de-lhomme-et-la-citoyennete-a-travers-le-cinema\/#breadcrumb\",\"itemListElement\":[{\"@type\":\"ListItem\",\"position\":1,\"name\":\"Accueil\",\"item\":\"https:\/\/armcdh.ma\/ar\/\"},{\"@type\":\"ListItem\",\"position\":2,\"name\":\"\u0627\u0644\u0645\u0648\u0627\u062f \u0627\u0644\u062a\u0639\u0644\u064a\u0645\u064a\u0629\",\"item\":\"https:\/\/armcdh.ma\/ar\/supports-educatifs\/\"},{\"@type\":\"ListItem\",\"position\":3,\"name\":\"\u062f\u0644\u064a\u0644 \u0627\u0644\u0646\u0647\u0648\u0636 \u0628\u062b\u0642\u0627\u0641\u0629 \u062d\u0642\u0648\u0642 \u0627\u0644\u0627\u0655\u0646\u0633\u0627\u0646 \u0639\u0628\u0631 \u0627\u0644\u0633\u064a\u0646\u0645\u0627\"}]},{\"@type\":\"WebSite\",\"@id\":\"https:\/\/armcdh.ma\/ar\/#website\",\"url\":\"https:\/\/armcdh.ma\/ar\/\",\"name\":\"ARMCDH\",\"description\":\"L\u2019Association des Rencontres M\u00e9diterran\u00e9ennes du Cin\u00e9ma et des droits de l\u2019Homme,\",\"publisher\":{\"@id\":\"https:\/\/armcdh.ma\/ar\/#organization\"},\"potentialAction\":[{\"@type\":\"SearchAction\",\"target\":{\"@type\":\"EntryPoint\",\"urlTemplate\":\"https:\/\/armcdh.ma\/ar\/?s={search_term_string}\"},\"query-input\":{\"@type\":\"PropertyValueSpecification\",\"valueRequired\":true,\"valueName\":\"search_term_string\"}}],\"inLanguage\":\"ar\"},{\"@type\":\"Organization\",\"@id\":\"https:\/\/armcdh.ma\/ar\/#organization\",\"name\":\"ARMCDH : Association des Rencontres M\u00e9diterran\u00e9ennes du Cin\u00e9ma et des droits de l\u2019Homme\",\"url\":\"https:\/\/armcdh.ma\/ar\/\",\"logo\":{\"@type\":\"ImageObject\",\"inLanguage\":\"ar\",\"@id\":\"https:\/\/armcdh.ma\/ar\/#\/schema\/logo\/image\/\",\"url\":\"https:\/\/armcdh.ma\/wp-content\/uploads\/2021\/01\/logo-armcdh-noir.png\",\"contentUrl\":\"https:\/\/armcdh.ma\/wp-content\/uploads\/2021\/01\/logo-armcdh-noir.png\",\"width\":300,\"height\":94,\"caption\":\"ARMCDH : Association des Rencontres M\u00e9diterran\u00e9ennes du Cin\u00e9ma et des droits de l\u2019Homme\"},\"image\":{\"@id\":\"https:\/\/armcdh.ma\/ar\/#\/schema\/logo\/image\/\"}}]}<\/script>\n<!-- \/ Yoast SEO plugin. -->","yoast_head_json":{"title":"\u062f\u0644\u064a\u0644 \u0627\u0644\u0646\u0647\u0648\u0636 \u0628\u062b\u0642\u0627\u0641\u0629 \u062d\u0642\u0648\u0642 \u0627\u0644\u0627\u0655\u0646\u0633\u0627\u0646 \u0639\u0628\u0631 \u0627\u0644\u0633\u064a\u0646\u0645\u0627 - ARMCDH","robots":{"index":"index","follow":"follow","max-snippet":"max-snippet:-1","max-image-preview":"max-image-preview:large","max-video-preview":"max-video-preview:-1"},"canonical":"https:\/\/armcdh.ma\/ar\/supports-educatifs\/guide-pour-la-promotion-de-la-culture-des-droits-de-lhomme-et-la-citoyennete-a-travers-le-cinema\/","og_locale":"ar_AR","og_type":"article","og_title":"\u062f\u0644\u064a\u0644 \u0627\u0644\u0646\u0647\u0648\u0636 \u0628\u062b\u0642\u0627\u0641\u0629 \u062d\u0642\u0648\u0642 \u0627\u0644\u0627\u0655\u0646\u0633\u0627\u0646 \u0639\u0628\u0631 \u0627\u0644\u0633\u064a\u0646\u0645\u0627 - ARMCDH","og_description":"[vc_row][vc_column][vc_empty_space height=&#8221;50px&#8221;][vc_column_text][\/vc_column_text][\/vc_column][\/vc_row][vc_row content_aligment=&#8221;center&#8221; css=&#8221;.vc_custom_1637960332429{margin-top: 100px !important;margin-bottom: 100px !important;}&#8221;][vc_column][\/vc_column][\/vc_row]","og_url":"https:\/\/armcdh.ma\/ar\/supports-educatifs\/guide-pour-la-promotion-de-la-culture-des-droits-de-lhomme-et-la-citoyennete-a-travers-le-cinema\/","og_site_name":"ARMCDH","article_modified_time":"2023-10-11T14:50:06+00:00","twitter_card":"summary_large_image","twitter_misc":{"\u0648\u0642\u062a \u0627\u0644\u0642\u0631\u0627\u0621\u0629 \u0627\u0644\u0645\u064f\u0642\u062f\u0651\u0631":"1 \u062f\u0642\u064a\u0642\u0629"},"schema":{"@context":"https:\/\/schema.org","@graph":[{"@type":"WebPage","@id":"https:\/\/armcdh.ma\/ar\/supports-educatifs\/guide-pour-la-promotion-de-la-culture-des-droits-de-lhomme-et-la-citoyennete-a-travers-le-cinema\/","url":"https:\/\/armcdh.ma\/ar\/supports-educatifs\/guide-pour-la-promotion-de-la-culture-des-droits-de-lhomme-et-la-citoyennete-a-travers-le-cinema\/","name":"\u062f\u0644\u064a\u0644 \u0627\u0644\u0646\u0647\u0648\u0636 \u0628\u062b\u0642\u0627\u0641\u0629 \u062d\u0642\u0648\u0642 \u0627\u0644\u0627\u0655\u0646\u0633\u0627\u0646 \u0639\u0628\u0631 \u0627\u0644\u0633\u064a\u0646\u0645\u0627 - ARMCDH","isPartOf":{"@id":"https:\/\/armcdh.ma\/ar\/#website"},"datePublished":"2023-10-11T13:30:52+00:00","dateModified":"2023-10-11T14:50:06+00:00","breadcrumb":{"@id":"https:\/\/armcdh.ma\/ar\/supports-educatifs\/guide-pour-la-promotion-de-la-culture-des-droits-de-lhomme-et-la-citoyennete-a-travers-le-cinema\/#breadcrumb"},"inLanguage":"ar","potentialAction":[{"@type":"ReadAction","target":["https:\/\/armcdh.ma\/ar\/supports-educatifs\/guide-pour-la-promotion-de-la-culture-des-droits-de-lhomme-et-la-citoyennete-a-travers-le-cinema\/"]}]},{"@type":"BreadcrumbList","@id":"https:\/\/armcdh.ma\/ar\/supports-educatifs\/guide-pour-la-promotion-de-la-culture-des-droits-de-lhomme-et-la-citoyennete-a-travers-le-cinema\/#breadcrumb","itemListElement":[{"@type":"ListItem","position":1,"name":"Accueil","item":"https:\/\/armcdh.ma\/ar\/"},{"@type":"ListItem","position":2,"name":"\u0627\u0644\u0645\u0648\u0627\u062f \u0627\u0644\u062a\u0639\u0644\u064a\u0645\u064a\u0629","item":"https:\/\/armcdh.ma\/ar\/supports-educatifs\/"},{"@type":"ListItem","position":3,"name":"\u062f\u0644\u064a\u0644 \u0627\u0644\u0646\u0647\u0648\u0636 \u0628\u062b\u0642\u0627\u0641\u0629 \u062d\u0642\u0648\u0642 \u0627\u0644\u0627\u0655\u0646\u0633\u0627\u0646 \u0639\u0628\u0631 \u0627\u0644\u0633\u064a\u0646\u0645\u0627"}]},{"@type":"WebSite","@id":"https:\/\/armcdh.ma\/ar\/#website","url":"https:\/\/armcdh.ma\/ar\/","name":"ARMCDH","description":"L\u2019Association des Rencontres M\u00e9diterran\u00e9ennes du Cin\u00e9ma et des droits de l\u2019Homme,","publisher":{"@id":"https:\/\/armcdh.ma\/ar\/#organization"},"potentialAction":[{"@type":"SearchAction","target":{"@type":"EntryPoint","urlTemplate":"https:\/\/armcdh.ma\/ar\/?s={search_term_string}"},"query-input":{"@type":"PropertyValueSpecification","valueRequired":true,"valueName":"search_term_string"}}],"inLanguage":"ar"},{"@type":"Organization","@id":"https:\/\/armcdh.ma\/ar\/#organization","name":"ARMCDH : Association des Rencontres M\u00e9diterran\u00e9ennes du Cin\u00e9ma et des droits de l\u2019Homme","url":"https:\/\/armcdh.ma\/ar\/","logo":{"@type":"ImageObject","inLanguage":"ar","@id":"https:\/\/armcdh.ma\/ar\/#\/schema\/logo\/image\/","url":"https:\/\/armcdh.ma\/wp-content\/uploads\/2021\/01\/logo-armcdh-noir.png","contentUrl":"https:\/\/armcdh.ma\/wp-content\/uploads\/2021\/01\/logo-armcdh-noir.png","width":300,"height":94,"caption":"ARMCDH : Association des Rencontres M\u00e9diterran\u00e9ennes du Cin\u00e9ma et des droits de l\u2019Homme"},"image":{"@id":"https:\/\/armcdh.ma\/ar\/#\/schema\/logo\/image\/"}}]}},"_links":{"self":[{"href":"https:\/\/armcdh.ma\/ar\/wp-json\/wp\/v2\/pages\/10425","targetHints":{"allow":["GET"]}}],"collection":[{"href":"https:\/\/armcdh.ma\/ar\/wp-json\/wp\/v2\/pages"}],"about":[{"href":"https:\/\/armcdh.ma\/ar\/wp-json\/wp\/v2\/types\/page"}],"author":[{"embeddable":true,"href":"https:\/\/armcdh.ma\/ar\/wp-json\/wp\/v2\/users\/1"}],"replies":[{"embeddable":true,"href":"https:\/\/armcdh.ma\/ar\/wp-json\/wp\/v2\/comments?post=10425"}],"version-history":[{"count":0,"href":"https:\/\/armcdh.ma\/ar\/wp-json\/wp\/v2\/pages\/10425\/revisions"}],"up":[{"embeddable":true,"href":"https:\/\/armcdh.ma\/ar\/wp-json\/wp\/v2\/pages\/8360"}],"wp:attachment":[{"href":"https:\/\/armcdh.ma\/ar\/wp-json\/wp\/v2\/media?parent=10425"}],"curies":[{"name":"wp","href":"https:\/\/api.w.org\/{rel}","templated":true}]}}