{"id":12292,"date":"2025-11-07T22:15:44","date_gmt":"2025-11-07T21:15:44","guid":{"rendered":"https:\/\/armcdh.ma\/rapports\/synthese-du-debat-13%e1%b5%89-nuit-blanche-du-cinema-et-de-la-citoyennete\/"},"modified":"2025-12-29T11:41:18","modified_gmt":"2025-12-29T10:41:18","slug":"synthese-du-debat-13%e1%b5%89-nuit-blanche-du-cinema-et-de-la-citoyennete","status":"publish","type":"page","link":"https:\/\/armcdh.ma\/ar\/rapports\/synthese-du-debat-13%e1%b5%89-nuit-blanche-du-cinema-et-de-la-citoyennete\/","title":{"rendered":"\u0645\u0644\u062e\u0651\u0635 \u0627\u0644\u0646\u0642\u0627\u0634 \u2013 \u0627\u0644\u062f\u0648\u0631\u0629 \u0627\u0644\u062b\u0627\u0644\u062b\u0629 \u0639\u0634\u0631\u0629 \u0644\u0640 \u00ab\u0644\u064a\u0644\u0629 \u0627\u0644\u0633\u064a\u0646\u0645\u0627 \u0648\u0627\u0644\u0645\u0648\u0627\u0637\u0646\u0629"},"content":{"rendered":"<p>[vc_row][vc_column][\/vc_column][\/vc_row][vc_row][vc_column]\n<div class=\"edgtf-section-title edgtf-section-align-center\">\n    <div class=\"edgtf-st-inner\">\n        <div class=\"edgtf-st-title-holder\">\n            <h2 class=\"edgtf-st-title\" >\n                <span>\u0645\u0644\u062e\u0651\u0635 \u0627\u0644\u0646\u0642\u0627\u0634 \u2013 \u0627\u0644\u062f\u0648\u0631\u0629 \u0627\u0644\u062b\u0627\u0644\u062b\u0629 \u0639\u0634\u0631\u0629 \u0644\u0640 \u00ab\u0644\u064a\u0644\u0629 \u0627\u0644\u0633\u064a\u0646\u0645\u0627 \u0648\u0627\u0644\u0645\u0648\u0627\u0637\u0646\u0629<\/span>\n            <\/h2>\n        <\/div>\n    <\/div>\n\n    <div class=\"edgtf-st-subtitle-holder\">\n        <h5 class=\"edgtf-st-subtitle\" >\n            <span>\u0645\u0644\u062e\u0651\u0635<\/span>\n        <\/h5>\n    <\/div>\n\n    <div class=\"edgtf-st-separator-outer\">\n        <div class=\"edgtf-separator-holder clearfix  edgtf-separator-center\">\n\t<div class=\"edgtf-separator\" style=\"border-bottom-width: 2px;margin-top: 22px;margin-bottom: 21px\"><\/div>\n<\/div>\n    <\/div>\n\n    <div class=\"edgtf-st-text-holder\">\n        <span class=\"edgtf-st-text-text\"><\/span>\n    <\/div>\n\n<\/div>[vc_empty_space height=&#8221;50px&#8221;][vc_column_text]<div class=\"_df_book df-lite\" id=\"df_12283\"  _slug=\"synthese-debat-version-arabe-et-francais\" data-title=\"synthese-debat-version-arabe-et-francais\" wpoptions=\"true\" thumbtype=\"\" ><\/div><script class=\"df-shortcode-script\" nowprocket type=\"application\/javascript\">window.option_df_12283 = {\"outline\":[],\"autoEnableOutline\":\"false\",\"autoEnableThumbnail\":\"false\",\"overwritePDFOutline\":\"false\",\"direction\":\"1\",\"pageSize\":\"0\",\"source\":\"https:\\\/\\\/armcdh.ma\\\/wp-content\\\/uploads\\\/2021\\\/01\\\/Synthese-debat-version-arabe-et-francais.pdf\",\"wpOptions\":\"true\"}; if(window.DFLIP && window.DFLIP.parseBooks){window.DFLIP.parseBooks();}<\/script>[\/vc_column_text][\/vc_column][\/vc_row][vc_row content_aligment=&#8221;center&#8221; css=&#8221;.vc_custom_1637960332429{margin-top: 100px !important;margin-bottom: 100px !important;}&#8221;][vc_column]<a href=\"https:\/\/armcdh.ma\/wp-content\/uploads\/2025\/01\/synthese-FR-V6.pdf\/01\/Rapport-fr-V7-pdf.pdf\" target=\"_blank\"  class=\"edgtf-btn edgtf-btn-medium edgtf-btn-solid\"  >\n            <span class=\"edgtf-btn-text\">\u062a\u0646\u0632\u064a\u0644 \u0627\u0644\u0648\u062b\u064a\u0642\u0629<\/span>\n            <\/a>[\/vc_column][\/vc_row]<\/p>\n","protected":false},"excerpt":{"rendered":"<p>[vc_row][vc_column][\/vc_column][\/vc_row][vc_row][vc_column][vc_empty_space height=&#8221;50px&#8221;][vc_column_text][\/vc_column_text][\/vc_column][\/vc_row][vc_row content_aligment=&#8221;center&#8221; css=&#8221;.vc_custom_1637960332429{margin-top: 100px !important;margin-bottom: 100px !important;}&#8221;][vc_column][\/vc_column][\/vc_row]<\/p>\n","protected":false},"author":2,"featured_media":0,"parent":10311,"menu_order":0,"comment_status":"closed","ping_status":"closed","template":"","meta":{"_acf_changed":false,"footnotes":""},"class_list":["post-12292","page","type-page","status-publish","hentry"],"acf":[],"yoast_head":"<!-- This site is optimized with the Yoast SEO plugin v27.5 - https:\/\/yoast.com\/product\/yoast-seo-wordpress\/ -->\n<title>\u0645\u0644\u062e\u0651\u0635 \u0627\u0644\u0646\u0642\u0627\u0634 \u2013 \u0627\u0644\u062f\u0648\u0631\u0629 \u0627\u0644\u062b\u0627\u0644\u062b\u0629 \u0639\u0634\u0631\u0629 \u0644\u0640 \u00ab\u0644\u064a\u0644\u0629 \u0627\u0644\u0633\u064a\u0646\u0645\u0627 \u0648\u0627\u0644\u0645\u0648\u0627\u0637\u0646\u0629 - ARMCDH<\/title>\n<meta name=\"robots\" content=\"index, follow, max-snippet:-1, max-image-preview:large, max-video-preview:-1\" \/>\n<link rel=\"canonical\" href=\"https:\/\/armcdh.ma\/ar\/rapports\/synthese-du-debat-13%e1%b5%89-nuit-blanche-du-cinema-et-de-la-citoyennete\/\" \/>\n<meta property=\"og:locale\" content=\"ar_AR\" \/>\n<meta property=\"og:type\" content=\"article\" \/>\n<meta property=\"og:title\" content=\"\u0645\u0644\u062e\u0651\u0635 \u0627\u0644\u0646\u0642\u0627\u0634 \u2013 \u0627\u0644\u062f\u0648\u0631\u0629 \u0627\u0644\u062b\u0627\u0644\u062b\u0629 \u0639\u0634\u0631\u0629 \u0644\u0640 \u00ab\u0644\u064a\u0644\u0629 \u0627\u0644\u0633\u064a\u0646\u0645\u0627 \u0648\u0627\u0644\u0645\u0648\u0627\u0637\u0646\u0629 - ARMCDH\" \/>\n<meta property=\"og:description\" content=\"[vc_row][vc_column][\/vc_column][\/vc_row][vc_row][vc_column][vc_empty_space height=&#8221;50px&#8221;][vc_column_text][\/vc_column_text][\/vc_column][\/vc_row][vc_row content_aligment=&#8221;center&#8221; css=&#8221;.vc_custom_1637960332429{margin-top: 100px !important;margin-bottom: 100px !important;}&#8221;][vc_column][\/vc_column][\/vc_row]\" \/>\n<meta property=\"og:url\" content=\"https:\/\/armcdh.ma\/ar\/rapports\/synthese-du-debat-13%e1%b5%89-nuit-blanche-du-cinema-et-de-la-citoyennete\/\" \/>\n<meta property=\"og:site_name\" content=\"ARMCDH\" \/>\n<meta property=\"article:modified_time\" content=\"2025-12-29T10:41:18+00:00\" \/>\n<meta name=\"twitter:card\" content=\"summary_large_image\" \/>\n<meta name=\"twitter:label1\" content=\"\u0648\u0642\u062a \u0627\u0644\u0642\u0631\u0627\u0621\u0629 \u0627\u0644\u0645\u064f\u0642\u062f\u0651\u0631\" \/>\n\t<meta name=\"twitter:data1\" content=\"1 \u062f\u0642\u064a\u0642\u0629\" \/>\n<script type=\"application\/ld+json\" class=\"yoast-schema-graph\">{\"@context\":\"https:\\\/\\\/schema.org\",\"@graph\":[{\"@type\":\"WebPage\",\"@id\":\"https:\\\/\\\/armcdh.ma\\\/ar\\\/rapports\\\/synthese-du-debat-13%e1%b5%89-nuit-blanche-du-cinema-et-de-la-citoyennete\\\/\",\"url\":\"https:\\\/\\\/armcdh.ma\\\/ar\\\/rapports\\\/synthese-du-debat-13%e1%b5%89-nuit-blanche-du-cinema-et-de-la-citoyennete\\\/\",\"name\":\"\u0645\u0644\u062e\u0651\u0635 \u0627\u0644\u0646\u0642\u0627\u0634 \u2013 \u0627\u0644\u062f\u0648\u0631\u0629 \u0627\u0644\u062b\u0627\u0644\u062b\u0629 \u0639\u0634\u0631\u0629 \u0644\u0640 \u00ab\u0644\u064a\u0644\u0629 \u0627\u0644\u0633\u064a\u0646\u0645\u0627 \u0648\u0627\u0644\u0645\u0648\u0627\u0637\u0646\u0629 - ARMCDH\",\"isPartOf\":{\"@id\":\"https:\\\/\\\/armcdh.ma\\\/ar\\\/#website\"},\"datePublished\":\"2025-11-07T21:15:44+00:00\",\"dateModified\":\"2025-12-29T10:41:18+00:00\",\"breadcrumb\":{\"@id\":\"https:\\\/\\\/armcdh.ma\\\/ar\\\/rapports\\\/synthese-du-debat-13%e1%b5%89-nuit-blanche-du-cinema-et-de-la-citoyennete\\\/#breadcrumb\"},\"inLanguage\":\"ar\",\"potentialAction\":[{\"@type\":\"ReadAction\",\"target\":[\"https:\\\/\\\/armcdh.ma\\\/ar\\\/rapports\\\/synthese-du-debat-13%e1%b5%89-nuit-blanche-du-cinema-et-de-la-citoyennete\\\/\"]}]},{\"@type\":\"BreadcrumbList\",\"@id\":\"https:\\\/\\\/armcdh.ma\\\/ar\\\/rapports\\\/synthese-du-debat-13%e1%b5%89-nuit-blanche-du-cinema-et-de-la-citoyennete\\\/#breadcrumb\",\"itemListElement\":[{\"@type\":\"ListItem\",\"position\":1,\"name\":\"Accueil\",\"item\":\"https:\\\/\\\/armcdh.ma\\\/ar\\\/\"},{\"@type\":\"ListItem\",\"position\":2,\"name\":\"\u0627\u0644\u062a\u0642\u0627\u0631\u064a\u0631\",\"item\":\"https:\\\/\\\/armcdh.ma\\\/ar\\\/rapports\\\/\"},{\"@type\":\"ListItem\",\"position\":3,\"name\":\"\u0645\u0644\u062e\u0651\u0635 \u0627\u0644\u0646\u0642\u0627\u0634 \u2013 \u0627\u0644\u062f\u0648\u0631\u0629 \u0627\u0644\u062b\u0627\u0644\u062b\u0629 \u0639\u0634\u0631\u0629 \u0644\u0640 \u00ab\u0644\u064a\u0644\u0629 \u0627\u0644\u0633\u064a\u0646\u0645\u0627 \u0648\u0627\u0644\u0645\u0648\u0627\u0637\u0646\u0629\"}]},{\"@type\":\"WebSite\",\"@id\":\"https:\\\/\\\/armcdh.ma\\\/ar\\\/#website\",\"url\":\"https:\\\/\\\/armcdh.ma\\\/ar\\\/\",\"name\":\"ARMCDH\",\"description\":\"L\u2019Association des Rencontres M\u00e9diterran\u00e9ennes du Cin\u00e9ma et des droits de l\u2019Homme,\",\"publisher\":{\"@id\":\"https:\\\/\\\/armcdh.ma\\\/ar\\\/#organization\"},\"potentialAction\":[{\"@type\":\"SearchAction\",\"target\":{\"@type\":\"EntryPoint\",\"urlTemplate\":\"https:\\\/\\\/armcdh.ma\\\/ar\\\/?s={search_term_string}\"},\"query-input\":{\"@type\":\"PropertyValueSpecification\",\"valueRequired\":true,\"valueName\":\"search_term_string\"}}],\"inLanguage\":\"ar\"},{\"@type\":\"Organization\",\"@id\":\"https:\\\/\\\/armcdh.ma\\\/ar\\\/#organization\",\"name\":\"ARMCDH : Association des Rencontres M\u00e9diterran\u00e9ennes du Cin\u00e9ma et des droits de l\u2019Homme\",\"url\":\"https:\\\/\\\/armcdh.ma\\\/ar\\\/\",\"logo\":{\"@type\":\"ImageObject\",\"inLanguage\":\"ar\",\"@id\":\"https:\\\/\\\/armcdh.ma\\\/ar\\\/#\\\/schema\\\/logo\\\/image\\\/\",\"url\":\"https:\\\/\\\/armcdh.ma\\\/wp-content\\\/uploads\\\/2021\\\/01\\\/logo-armcdh-noir.png\",\"contentUrl\":\"https:\\\/\\\/armcdh.ma\\\/wp-content\\\/uploads\\\/2021\\\/01\\\/logo-armcdh-noir.png\",\"width\":300,\"height\":94,\"caption\":\"ARMCDH : Association des Rencontres M\u00e9diterran\u00e9ennes du Cin\u00e9ma et des droits de l\u2019Homme\"},\"image\":{\"@id\":\"https:\\\/\\\/armcdh.ma\\\/ar\\\/#\\\/schema\\\/logo\\\/image\\\/\"}}]}<\/script>\n<!-- \/ Yoast SEO plugin. -->","yoast_head_json":{"title":"\u0645\u0644\u062e\u0651\u0635 \u0627\u0644\u0646\u0642\u0627\u0634 \u2013 \u0627\u0644\u062f\u0648\u0631\u0629 \u0627\u0644\u062b\u0627\u0644\u062b\u0629 \u0639\u0634\u0631\u0629 \u0644\u0640 \u00ab\u0644\u064a\u0644\u0629 \u0627\u0644\u0633\u064a\u0646\u0645\u0627 \u0648\u0627\u0644\u0645\u0648\u0627\u0637\u0646\u0629 - ARMCDH","robots":{"index":"index","follow":"follow","max-snippet":"max-snippet:-1","max-image-preview":"max-image-preview:large","max-video-preview":"max-video-preview:-1"},"canonical":"https:\/\/armcdh.ma\/ar\/rapports\/synthese-du-debat-13%e1%b5%89-nuit-blanche-du-cinema-et-de-la-citoyennete\/","og_locale":"ar_AR","og_type":"article","og_title":"\u0645\u0644\u062e\u0651\u0635 \u0627\u0644\u0646\u0642\u0627\u0634 \u2013 \u0627\u0644\u062f\u0648\u0631\u0629 \u0627\u0644\u062b\u0627\u0644\u062b\u0629 \u0639\u0634\u0631\u0629 \u0644\u0640 \u00ab\u0644\u064a\u0644\u0629 \u0627\u0644\u0633\u064a\u0646\u0645\u0627 \u0648\u0627\u0644\u0645\u0648\u0627\u0637\u0646\u0629 - ARMCDH","og_description":"[vc_row][vc_column][\/vc_column][\/vc_row][vc_row][vc_column][vc_empty_space height=&#8221;50px&#8221;][vc_column_text][\/vc_column_text][\/vc_column][\/vc_row][vc_row content_aligment=&#8221;center&#8221; css=&#8221;.vc_custom_1637960332429{margin-top: 100px !important;margin-bottom: 100px !important;}&#8221;][vc_column][\/vc_column][\/vc_row]","og_url":"https:\/\/armcdh.ma\/ar\/rapports\/synthese-du-debat-13%e1%b5%89-nuit-blanche-du-cinema-et-de-la-citoyennete\/","og_site_name":"ARMCDH","article_modified_time":"2025-12-29T10:41:18+00:00","twitter_card":"summary_large_image","twitter_misc":{"\u0648\u0642\u062a \u0627\u0644\u0642\u0631\u0627\u0621\u0629 \u0627\u0644\u0645\u064f\u0642\u062f\u0651\u0631":"1 \u062f\u0642\u064a\u0642\u0629"},"schema":{"@context":"https:\/\/schema.org","@graph":[{"@type":"WebPage","@id":"https:\/\/armcdh.ma\/ar\/rapports\/synthese-du-debat-13%e1%b5%89-nuit-blanche-du-cinema-et-de-la-citoyennete\/","url":"https:\/\/armcdh.ma\/ar\/rapports\/synthese-du-debat-13%e1%b5%89-nuit-blanche-du-cinema-et-de-la-citoyennete\/","name":"\u0645\u0644\u062e\u0651\u0635 \u0627\u0644\u0646\u0642\u0627\u0634 \u2013 \u0627\u0644\u062f\u0648\u0631\u0629 \u0627\u0644\u062b\u0627\u0644\u062b\u0629 \u0639\u0634\u0631\u0629 \u0644\u0640 \u00ab\u0644\u064a\u0644\u0629 \u0627\u0644\u0633\u064a\u0646\u0645\u0627 \u0648\u0627\u0644\u0645\u0648\u0627\u0637\u0646\u0629 - ARMCDH","isPartOf":{"@id":"https:\/\/armcdh.ma\/ar\/#website"},"datePublished":"2025-11-07T21:15:44+00:00","dateModified":"2025-12-29T10:41:18+00:00","breadcrumb":{"@id":"https:\/\/armcdh.ma\/ar\/rapports\/synthese-du-debat-13%e1%b5%89-nuit-blanche-du-cinema-et-de-la-citoyennete\/#breadcrumb"},"inLanguage":"ar","potentialAction":[{"@type":"ReadAction","target":["https:\/\/armcdh.ma\/ar\/rapports\/synthese-du-debat-13%e1%b5%89-nuit-blanche-du-cinema-et-de-la-citoyennete\/"]}]},{"@type":"BreadcrumbList","@id":"https:\/\/armcdh.ma\/ar\/rapports\/synthese-du-debat-13%e1%b5%89-nuit-blanche-du-cinema-et-de-la-citoyennete\/#breadcrumb","itemListElement":[{"@type":"ListItem","position":1,"name":"Accueil","item":"https:\/\/armcdh.ma\/ar\/"},{"@type":"ListItem","position":2,"name":"\u0627\u0644\u062a\u0642\u0627\u0631\u064a\u0631","item":"https:\/\/armcdh.ma\/ar\/rapports\/"},{"@type":"ListItem","position":3,"name":"\u0645\u0644\u062e\u0651\u0635 \u0627\u0644\u0646\u0642\u0627\u0634 \u2013 \u0627\u0644\u062f\u0648\u0631\u0629 \u0627\u0644\u062b\u0627\u0644\u062b\u0629 \u0639\u0634\u0631\u0629 \u0644\u0640 \u00ab\u0644\u064a\u0644\u0629 \u0627\u0644\u0633\u064a\u0646\u0645\u0627 \u0648\u0627\u0644\u0645\u0648\u0627\u0637\u0646\u0629"}]},{"@type":"WebSite","@id":"https:\/\/armcdh.ma\/ar\/#website","url":"https:\/\/armcdh.ma\/ar\/","name":"ARMCDH","description":"L\u2019Association des Rencontres M\u00e9diterran\u00e9ennes du Cin\u00e9ma et des droits de l\u2019Homme,","publisher":{"@id":"https:\/\/armcdh.ma\/ar\/#organization"},"potentialAction":[{"@type":"SearchAction","target":{"@type":"EntryPoint","urlTemplate":"https:\/\/armcdh.ma\/ar\/?s={search_term_string}"},"query-input":{"@type":"PropertyValueSpecification","valueRequired":true,"valueName":"search_term_string"}}],"inLanguage":"ar"},{"@type":"Organization","@id":"https:\/\/armcdh.ma\/ar\/#organization","name":"ARMCDH : Association des Rencontres M\u00e9diterran\u00e9ennes du Cin\u00e9ma et des droits de l\u2019Homme","url":"https:\/\/armcdh.ma\/ar\/","logo":{"@type":"ImageObject","inLanguage":"ar","@id":"https:\/\/armcdh.ma\/ar\/#\/schema\/logo\/image\/","url":"https:\/\/armcdh.ma\/wp-content\/uploads\/2021\/01\/logo-armcdh-noir.png","contentUrl":"https:\/\/armcdh.ma\/wp-content\/uploads\/2021\/01\/logo-armcdh-noir.png","width":300,"height":94,"caption":"ARMCDH : Association des Rencontres M\u00e9diterran\u00e9ennes du Cin\u00e9ma et des droits de l\u2019Homme"},"image":{"@id":"https:\/\/armcdh.ma\/ar\/#\/schema\/logo\/image\/"}}]}},"_links":{"self":[{"href":"https:\/\/armcdh.ma\/ar\/wp-json\/wp\/v2\/pages\/12292","targetHints":{"allow":["GET"]}}],"collection":[{"href":"https:\/\/armcdh.ma\/ar\/wp-json\/wp\/v2\/pages"}],"about":[{"href":"https:\/\/armcdh.ma\/ar\/wp-json\/wp\/v2\/types\/page"}],"author":[{"embeddable":true,"href":"https:\/\/armcdh.ma\/ar\/wp-json\/wp\/v2\/users\/2"}],"replies":[{"embeddable":true,"href":"https:\/\/armcdh.ma\/ar\/wp-json\/wp\/v2\/comments?post=12292"}],"version-history":[{"count":0,"href":"https:\/\/armcdh.ma\/ar\/wp-json\/wp\/v2\/pages\/12292\/revisions"}],"up":[{"embeddable":true,"href":"https:\/\/armcdh.ma\/ar\/wp-json\/wp\/v2\/pages\/10311"}],"wp:attachment":[{"href":"https:\/\/armcdh.ma\/ar\/wp-json\/wp\/v2\/media?parent=12292"}],"curies":[{"name":"wp","href":"https:\/\/api.w.org\/{rel}","templated":true}]}}