{"id":12428,"date":"2026-02-18T23:57:44","date_gmt":"2026-02-18T22:57:44","guid":{"rendered":"https:\/\/armcdh.ma\/?page_id=12428"},"modified":"2026-02-18T23:57:44","modified_gmt":"2026-02-18T22:57:44","slug":"%d8%b1%d9%82%d9%85%d9%86%d8%a9-%d9%83%d8%a7%d9%85%d9%84%d8%a9-%d9%84%d9%85%d8%ac%d9%84%d8%a9-%d8%b9%d9%84%d9%89-%d8%a7%d9%84%d8%a3%d9%82%d9%84","status":"publish","type":"page","link":"https:\/\/armcdh.ma\/ar\/%d8%b1%d9%82%d9%85%d9%86%d8%a9-%d9%83%d8%a7%d9%85%d9%84%d8%a9-%d9%84%d9%85%d8%ac%d9%84%d8%a9-%d8%b9%d9%84%d9%89-%d8%a7%d9%84%d8%a3%d9%82%d9%84\/","title":{"rendered":"\u0631\u0642\u0645\u0646\u0629 \u0643\u0627\u0645\u0644\u0629 \u0644\u0645\u062c\u0644\u0629 &#8220;\u0639\u0644\u0649 \u0627\u0644\u0623\u0642\u0644&#8221;"},"content":{"rendered":"<p>[vc_row content_aligment=&#8221;center&#8221;][vc_column]\n<div class=\"edgtf-section-title edgtf-section-align-center\">\n    <div class=\"edgtf-st-inner\">\n        <div class=\"edgtf-st-title-holder\">\n            <h2 class=\"edgtf-st-title\" >\n                <span>\u0631\u0642\u0645\u0646\u0629 \u0643\u0627\u0645\u0644\u0629 \u0644\u0645\u062c\u0644\u0629 ``\u0639\u0644\u0649 \u0627\u0644\u0623\u0642\u0644``<\/span>\n            <\/h2>\n        <\/div>\n    <\/div>\n\n    <div class=\"edgtf-st-subtitle-holder\">\n        <h5 class=\"edgtf-st-subtitle\" >\n            <span><\/span>\n        <\/h5>\n    <\/div>\n\n    <div class=\"edgtf-st-separator-outer\">\n        <div class=\"edgtf-separator-holder clearfix  edgtf-separator-center\">\n\t<div class=\"edgtf-separator\" style=\"border-bottom-width: 2px;margin-top: 22px;margin-bottom: 21px\"><\/div>\n<\/div>\n    <\/div>\n\n    <div class=\"edgtf-st-text-holder\">\n        <span class=\"edgtf-st-text-text\"><\/span>\n    <\/div>\n\n<\/div>[\/vc_column][\/vc_row][vc_row content_width=&#8221;grid&#8221; content_aligment=&#8221;center&#8221; css=&#8221;.vc_custom_1723032961407{padding-top: 50px !important;}&#8221; el_class=&#8221;rapports&#8221;][vc_column width=&#8221;1\/3&#8243; el_class=&#8221;book&#8221;][vc_empty_space height=&#8221;12px&#8221;][vc_single_image image=&#8221;12408&#8243; img_size=&#8221;full&#8221; alignment=&#8221;center&#8221; onclick=&#8221;custom_link&#8221; link=&#8221;https:\/\/armcdh.ma\/wp-content\/uploads\/2021\/01\/\u0639\u0644\u0649-\u0627\u0644\u0627\u0642\u0644-\u0627\u0644\u0633\u0646\u0629-\u0627\u0644\u0627\u0648\u0644\u0649-\u0627\u0644\u0639\u062f\u062f\u0627\u0646-5-6-1991.pdf&#8221; el_class=&#8221;cover&#8221;][vc_empty_space height=&#8221;12px&#8221;]<a href=\"https:\/\/armcdh.ma\/wp-content\/uploads\/2021\/01\/\u0639\u0644\u0649-\u0627\u0644\u0627\u0642\u0644-\u0627\u0644\u0633\u0646\u0629-\u0627\u0644\u0627\u0648\u0644\u0649-\u0627\u0644\u0639\u062f\u062f\u0627\u0646-5-6-1991.pdf\" target=\"_blank\"  class=\"edgtf-btn edgtf-btn-medium edgtf-btn-solid\"  >\n            <span class=\"edgtf-btn-text\">\u062a\u0646\u0632\u064a\u0644 \u0627\u0644\u0645\u0644\u0641<\/span>\n            <\/a>[\/vc_column][vc_column width=&#8221;1\/3&#8243; el_class=&#8221;book&#8221;][vc_empty_space height=&#8221;12px&#8221;][vc_single_image image=&#8221;12412&#8243; img_size=&#8221;full&#8221; alignment=&#8221;center&#8221; onclick=&#8221;custom_link&#8221; link=&#8221;https:\/\/armcdh.ma\/wp-content\/uploads\/2021\/01\/\u0639\u0644\u0649-\u0627\u0644\u0627\u0642\u0644-\u0627\u0644\u0633\u0646\u0629-\u0627\u0644\u0627\u0648\u0644\u0649-\u0627\u0644\u0639\u062f\u062f-8-1992.pdf&#8221; el_class=&#8221;cover&#8221;][vc_empty_space height=&#8221;12px&#8221;]<a href=\"https:\/\/armcdh.ma\/wp-content\/uploads\/2021\/01\/\u0639\u0644\u0649-\u0627\u0644\u0627\u0642\u0644-\u0627\u0644\u0633\u0646\u0629-\u0627\u0644\u0627\u0648\u0644\u0649-\u0627\u0644\u0639\u062f\u062f-8-1992.pdf\" target=\"_blank\"  class=\"edgtf-btn edgtf-btn-medium edgtf-btn-solid\"  >\n            <span class=\"edgtf-btn-text\">\u062a\u0646\u0632\u064a\u0644 \u0627\u0644\u0645\u0644\u0641<\/span>\n            <\/a>[\/vc_column][vc_column width=&#8221;1\/3&#8243; el_class=&#8221;book&#8221;][vc_empty_space height=&#8221;12px&#8221;][vc_single_image image=&#8221;12410&#8243; img_size=&#8221;full&#8221; alignment=&#8221;center&#8221; onclick=&#8221;custom_link&#8221; link=&#8221;https:\/\/armcdh.ma\/wp-content\/uploads\/2021\/01\/\u0639\u0644\u0649-\u0627\u0644\u0627\u0642\u0644-\u0627\u0644\u0633\u0646\u0629-\u0627\u0644\u0627\u0648\u0644\u0649-\u0627\u0644\u0639\u062f\u062f-7-1992.pdf&#8221; el_class=&#8221;cover&#8221;][vc_empty_space height=&#8221;12px&#8221;]<a href=\"https:\/\/armcdh.ma\/wp-content\/uploads\/2021\/01\/\u0639\u0644\u0649-\u0627\u0644\u0627\u0642\u0644-\u0627\u0644\u0633\u0646\u0629-\u0627\u0644\u0627\u0648\u0644\u0649-\u0627\u0644\u0639\u062f\u062f-7-1992.pdf\" target=\"_blank\"  class=\"edgtf-btn edgtf-btn-medium edgtf-btn-solid\"  >\n            <span class=\"edgtf-btn-text\">\u062a\u0646\u0632\u064a\u0644 \u0627\u0644\u0645\u0644\u0641<\/span>\n            <\/a>[\/vc_column][\/vc_row][vc_row content_width=&#8221;grid&#8221; content_aligment=&#8221;center&#8221; css=&#8221;.vc_custom_1723032961407{padding-top: 50px !important;}&#8221; el_class=&#8221;rapports&#8221;][vc_column width=&#8221;1\/3&#8243; el_class=&#8221;book&#8221;][vc_empty_space height=&#8221;12px&#8221;][vc_single_image image=&#8221;12404&#8243; img_size=&#8221;full&#8221; alignment=&#8221;center&#8221; onclick=&#8221;custom_link&#8221; link=&#8221;https:\/\/armcdh.ma\/wp-content\/uploads\/2021\/01\/\u0639\u0644\u0649-\u0627\u0644\u0627\u0642\u0644-\u0639\u062f\u062f-2-\u0641\u0628\u0631\u0627\u064a\u0631-1991.pdf&#8221; el_class=&#8221;cover&#8221;][vc_empty_space height=&#8221;12px&#8221;]<a href=\"https:\/\/armcdh.ma\/wp-content\/uploads\/2021\/01\/\u0639\u0644\u0649-\u0627\u0644\u0627\u0642\u0644-\u0639\u062f\u062f-2-\u0641\u0628\u0631\u0627\u064a\u0631-1991.pdf\" target=\"_blank\"  class=\"edgtf-btn edgtf-btn-medium edgtf-btn-solid\"  >\n            <span class=\"edgtf-btn-text\">\u062a\u0646\u0632\u064a\u0644 \u0627\u0644\u0645\u0644\u0641<\/span>\n            <\/a>[\/vc_column][vc_column width=&#8221;1\/3&#8243; el_class=&#8221;book&#8221;][vc_empty_space height=&#8221;12px&#8221;][vc_single_image image=&#8221;12402&#8243; img_size=&#8221;full&#8221; alignment=&#8221;center&#8221; onclick=&#8221;custom_link&#8221; link=&#8221;https:\/\/armcdh.ma\/wp-content\/uploads\/2021\/01\/\u0639\u0644\u0649-\u0627\u0644\u0627\u0642\u0644-\u0639\u062f\u062f-1-\u064a\u0646\u0627\u064a\u0631-1991.pdf&#8221; el_class=&#8221;cover&#8221;][vc_empty_space height=&#8221;12px&#8221;]<a href=\"https:\/\/armcdh.ma\/wp-content\/uploads\/2021\/01\/\u0639\u0644\u0649-\u0627\u0644\u0627\u0642\u0644-\u0639\u062f\u062f-1-\u064a\u0646\u0627\u064a\u0631-1991.pdf\" target=\"_blank\"  class=\"edgtf-btn edgtf-btn-medium edgtf-btn-solid\"  >\n            <span class=\"edgtf-btn-text\">\u062a\u0646\u0632\u064a\u0644 \u0627\u0644\u0645\u0644\u0641<\/span>\n            <\/a>[\/vc_column][vc_column width=&#8221;1\/3&#8243; el_class=&#8221;book&#8221;][vc_empty_space height=&#8221;12px&#8221;][vc_single_image image=&#8221;12406&#8243; img_size=&#8221;full&#8221; alignment=&#8221;center&#8221; onclick=&#8221;custom_link&#8221; link=&#8221;https:\/\/armcdh.ma\/wp-content\/uploads\/2021\/01\/\u0639\u0644\u0649-\u0627\u0644\u0627\u0642\u0644-\u0627\u0644\u0639\u062f\u062f\u0627\u0646-3-4-\u0645\u0627\u0631\u0633-\u0627\u0628\u0631\u064a\u0644-1991.pdf&#8221; el_class=&#8221;cover&#8221;][vc_empty_space height=&#8221;12px&#8221;]<a href=\"https:\/\/armcdh.ma\/wp-content\/uploads\/2021\/01\/\u0639\u0644\u0649-\u0627\u0644\u0627\u0642\u0644-\u0627\u0644\u0639\u062f\u062f\u0627\u0646-3-4-\u0645\u0627\u0631\u0633-\u0627\u0628\u0631\u064a\u0644-1991.pdf\" target=\"_blank\"  class=\"edgtf-btn edgtf-btn-medium edgtf-btn-solid\"  >\n            <span class=\"edgtf-btn-text\">\u062a\u0646\u0632\u064a\u0644 \u0627\u0644\u0645\u0644\u0641<\/span>\n            <\/a>[\/vc_column][\/vc_row]<\/p>\n","protected":false},"excerpt":{"rendered":"<p>[vc_row content_aligment=&#8221;center&#8221;][vc_column][\/vc_column][\/vc_row][vc_row content_width=&#8221;grid&#8221; content_aligment=&#8221;center&#8221; css=&#8221;.vc_custom_1723032961407{padding-top: 50px !important;}&#8221; el_class=&#8221;rapports&#8221;][vc_column width=&#8221;1\/3&#8243; el_class=&#8221;book&#8221;][vc_empty_space height=&#8221;12px&#8221;][vc_single_image image=&#8221;12408&#8243; img_size=&#8221;full&#8221; alignment=&#8221;center&#8221; onclick=&#8221;custom_link&#8221; link=&#8221;https:\/\/armcdh.ma\/wp-content\/uploads\/2021\/01\/\u0639\u0644\u0649-\u0627\u0644\u0627\u0642\u0644-\u0627\u0644\u0633\u0646\u0629-\u0627\u0644\u0627\u0648\u0644\u0649-\u0627\u0644\u0639\u062f\u062f\u0627\u0646-5-6-1991.pdf&#8221; el_class=&#8221;cover&#8221;][vc_empty_space height=&#8221;12px&#8221;][\/vc_column][vc_column width=&#8221;1\/3&#8243; el_class=&#8221;book&#8221;][vc_empty_space height=&#8221;12px&#8221;][vc_single_image image=&#8221;12412&#8243; img_size=&#8221;full&#8221; alignment=&#8221;center&#8221; onclick=&#8221;custom_link&#8221; link=&#8221;https:\/\/armcdh.ma\/wp-content\/uploads\/2021\/01\/\u0639\u0644\u0649-\u0627\u0644\u0627\u0642\u0644-\u0627\u0644\u0633\u0646\u0629-\u0627\u0644\u0627\u0648\u0644\u0649-\u0627\u0644\u0639\u062f\u062f-8-1992.pdf&#8221; el_class=&#8221;cover&#8221;][vc_empty_space height=&#8221;12px&#8221;][\/vc_column][vc_column width=&#8221;1\/3&#8243; el_class=&#8221;book&#8221;][vc_empty_space height=&#8221;12px&#8221;][vc_single_image image=&#8221;12410&#8243; img_size=&#8221;full&#8221; alignment=&#8221;center&#8221; onclick=&#8221;custom_link&#8221; link=&#8221;https:\/\/armcdh.ma\/wp-content\/uploads\/2021\/01\/\u0639\u0644\u0649-\u0627\u0644\u0627\u0642\u0644-\u0627\u0644\u0633\u0646\u0629-\u0627\u0644\u0627\u0648\u0644\u0649-\u0627\u0644\u0639\u062f\u062f-7-1992.pdf&#8221; el_class=&#8221;cover&#8221;][vc_empty_space height=&#8221;12px&#8221;][\/vc_column][\/vc_row][vc_row content_width=&#8221;grid&#8221; content_aligment=&#8221;center&#8221; css=&#8221;.vc_custom_1723032961407{padding-top: 50px !important;}&#8221; el_class=&#8221;rapports&#8221;][vc_column width=&#8221;1\/3&#8243;&#8230;<\/p>\n","protected":false},"author":2,"featured_media":0,"parent":0,"menu_order":0,"comment_status":"closed","ping_status":"closed","template":"","meta":{"_acf_changed":false,"footnotes":""},"class_list":["post-12428","page","type-page","status-publish","hentry"],"acf":[],"yoast_head":"<!-- This site is optimized with the Yoast SEO plugin v26.2 - https:\/\/yoast.com\/wordpress\/plugins\/seo\/ -->\n<title>\u0631\u0642\u0645\u0646\u0629 \u0643\u0627\u0645\u0644\u0629 \u0644\u0645\u062c\u0644\u0629 &quot;\u0639\u0644\u0649 \u0627\u0644\u0623\u0642\u0644&quot; - ARMCDH<\/title>\n<meta name=\"robots\" content=\"index, follow, max-snippet:-1, max-image-preview:large, max-video-preview:-1\" \/>\n<link rel=\"canonical\" href=\"https:\/\/armcdh.ma\/ar\/%d8%b1%d9%82%d9%85%d9%86%d8%a9-%d9%83%d8%a7%d9%85%d9%84%d8%a9-%d9%84%d9%85%d8%ac%d9%84%d8%a9-%d8%b9%d9%84%d9%89-%d8%a7%d9%84%d8%a3%d9%82%d9%84\/\" \/>\n<meta property=\"og:locale\" content=\"ar_AR\" \/>\n<meta property=\"og:type\" content=\"article\" \/>\n<meta property=\"og:title\" content=\"\u0631\u0642\u0645\u0646\u0629 \u0643\u0627\u0645\u0644\u0629 \u0644\u0645\u062c\u0644\u0629 &quot;\u0639\u0644\u0649 \u0627\u0644\u0623\u0642\u0644&quot; - ARMCDH\" \/>\n<meta property=\"og:description\" content=\"[vc_row content_aligment=&#8221;center&#8221;][vc_column][\/vc_column][\/vc_row][vc_row content_width=&#8221;grid&#8221; content_aligment=&#8221;center&#8221; css=&#8221;.vc_custom_1723032961407{padding-top: 50px !important;}&#8221; el_class=&#8221;rapports&#8221;][vc_column width=&#8221;1\/3&#8243; el_class=&#8221;book&#8221;][vc_empty_space height=&#8221;12px&#8221;][vc_single_image image=&#8221;12408&#8243; img_size=&#8221;full&#8221; alignment=&#8221;center&#8221; onclick=&#8221;custom_link&#8221; link=&#8221;https:\/\/armcdh.ma\/wp-content\/uploads\/2021\/01\/\u0639\u0644\u0649-\u0627\u0644\u0627\u0642\u0644-\u0627\u0644\u0633\u0646\u0629-\u0627\u0644\u0627\u0648\u0644\u0649-\u0627\u0644\u0639\u062f\u062f\u0627\u0646-5-6-1991.pdf&#8221; el_class=&#8221;cover&#8221;][vc_empty_space height=&#8221;12px&#8221;][\/vc_column][vc_column width=&#8221;1\/3&#8243; el_class=&#8221;book&#8221;][vc_empty_space height=&#8221;12px&#8221;][vc_single_image image=&#8221;12412&#8243; img_size=&#8221;full&#8221; alignment=&#8221;center&#8221; onclick=&#8221;custom_link&#8221; link=&#8221;https:\/\/armcdh.ma\/wp-content\/uploads\/2021\/01\/\u0639\u0644\u0649-\u0627\u0644\u0627\u0642\u0644-\u0627\u0644\u0633\u0646\u0629-\u0627\u0644\u0627\u0648\u0644\u0649-\u0627\u0644\u0639\u062f\u062f-8-1992.pdf&#8221; el_class=&#8221;cover&#8221;][vc_empty_space height=&#8221;12px&#8221;][\/vc_column][vc_column width=&#8221;1\/3&#8243; el_class=&#8221;book&#8221;][vc_empty_space height=&#8221;12px&#8221;][vc_single_image image=&#8221;12410&#8243; img_size=&#8221;full&#8221; alignment=&#8221;center&#8221; onclick=&#8221;custom_link&#8221; link=&#8221;https:\/\/armcdh.ma\/wp-content\/uploads\/2021\/01\/\u0639\u0644\u0649-\u0627\u0644\u0627\u0642\u0644-\u0627\u0644\u0633\u0646\u0629-\u0627\u0644\u0627\u0648\u0644\u0649-\u0627\u0644\u0639\u062f\u062f-7-1992.pdf&#8221; el_class=&#8221;cover&#8221;][vc_empty_space height=&#8221;12px&#8221;][\/vc_column][\/vc_row][vc_row content_width=&#8221;grid&#8221; content_aligment=&#8221;center&#8221; css=&#8221;.vc_custom_1723032961407{padding-top: 50px !important;}&#8221; el_class=&#8221;rapports&#8221;][vc_column width=&#8221;1\/3&#8243;...\" \/>\n<meta property=\"og:url\" content=\"https:\/\/armcdh.ma\/ar\/%d8%b1%d9%82%d9%85%d9%86%d8%a9-%d9%83%d8%a7%d9%85%d9%84%d8%a9-%d9%84%d9%85%d8%ac%d9%84%d8%a9-%d8%b9%d9%84%d9%89-%d8%a7%d9%84%d8%a3%d9%82%d9%84\/\" \/>\n<meta property=\"og:site_name\" content=\"ARMCDH\" \/>\n<meta name=\"twitter:card\" content=\"summary_large_image\" \/>\n<meta name=\"twitter:label1\" content=\"\u0648\u0642\u062a \u0627\u0644\u0642\u0631\u0627\u0621\u0629 \u0627\u0644\u0645\u064f\u0642\u062f\u0651\u0631\" \/>\n\t<meta name=\"twitter:data1\" content=\"\u062f\u0642\u064a\u0642\u062a\u0627\u0646\" \/>\n<script type=\"application\/ld+json\" class=\"yoast-schema-graph\">{\"@context\":\"https:\/\/schema.org\",\"@graph\":[{\"@type\":\"WebPage\",\"@id\":\"https:\/\/armcdh.ma\/ar\/%d8%b1%d9%82%d9%85%d9%86%d8%a9-%d9%83%d8%a7%d9%85%d9%84%d8%a9-%d9%84%d9%85%d8%ac%d9%84%d8%a9-%d8%b9%d9%84%d9%89-%d8%a7%d9%84%d8%a3%d9%82%d9%84\/\",\"url\":\"https:\/\/armcdh.ma\/ar\/%d8%b1%d9%82%d9%85%d9%86%d8%a9-%d9%83%d8%a7%d9%85%d9%84%d8%a9-%d9%84%d9%85%d8%ac%d9%84%d8%a9-%d8%b9%d9%84%d9%89-%d8%a7%d9%84%d8%a3%d9%82%d9%84\/\",\"name\":\"\u0631\u0642\u0645\u0646\u0629 \u0643\u0627\u0645\u0644\u0629 \u0644\u0645\u062c\u0644\u0629 \\\"\u0639\u0644\u0649 \u0627\u0644\u0623\u0642\u0644\\\" - ARMCDH\",\"isPartOf\":{\"@id\":\"https:\/\/armcdh.ma\/ar\/#website\"},\"datePublished\":\"2026-02-18T22:57:44+00:00\",\"breadcrumb\":{\"@id\":\"https:\/\/armcdh.ma\/ar\/%d8%b1%d9%82%d9%85%d9%86%d8%a9-%d9%83%d8%a7%d9%85%d9%84%d8%a9-%d9%84%d9%85%d8%ac%d9%84%d8%a9-%d8%b9%d9%84%d9%89-%d8%a7%d9%84%d8%a3%d9%82%d9%84\/#breadcrumb\"},\"inLanguage\":\"ar\",\"potentialAction\":[{\"@type\":\"ReadAction\",\"target\":[\"https:\/\/armcdh.ma\/ar\/%d8%b1%d9%82%d9%85%d9%86%d8%a9-%d9%83%d8%a7%d9%85%d9%84%d8%a9-%d9%84%d9%85%d8%ac%d9%84%d8%a9-%d8%b9%d9%84%d9%89-%d8%a7%d9%84%d8%a3%d9%82%d9%84\/\"]}]},{\"@type\":\"BreadcrumbList\",\"@id\":\"https:\/\/armcdh.ma\/ar\/%d8%b1%d9%82%d9%85%d9%86%d8%a9-%d9%83%d8%a7%d9%85%d9%84%d8%a9-%d9%84%d9%85%d8%ac%d9%84%d8%a9-%d8%b9%d9%84%d9%89-%d8%a7%d9%84%d8%a3%d9%82%d9%84\/#breadcrumb\",\"itemListElement\":[{\"@type\":\"ListItem\",\"position\":1,\"name\":\"Accueil\",\"item\":\"https:\/\/armcdh.ma\/ar\/\"},{\"@type\":\"ListItem\",\"position\":2,\"name\":\"\u0631\u0642\u0645\u0646\u0629 \u0643\u0627\u0645\u0644\u0629 \u0644\u0645\u062c\u0644\u0629 \u00ab\u00a0\u0639\u0644\u0649 \u0627\u0644\u0623\u0642\u0644\u00a0\u00bb\"}]},{\"@type\":\"WebSite\",\"@id\":\"https:\/\/armcdh.ma\/ar\/#website\",\"url\":\"https:\/\/armcdh.ma\/ar\/\",\"name\":\"ARMCDH\",\"description\":\"L\u2019Association des Rencontres M\u00e9diterran\u00e9ennes du Cin\u00e9ma et des droits de l\u2019Homme,\",\"publisher\":{\"@id\":\"https:\/\/armcdh.ma\/ar\/#organization\"},\"potentialAction\":[{\"@type\":\"SearchAction\",\"target\":{\"@type\":\"EntryPoint\",\"urlTemplate\":\"https:\/\/armcdh.ma\/ar\/?s={search_term_string}\"},\"query-input\":{\"@type\":\"PropertyValueSpecification\",\"valueRequired\":true,\"valueName\":\"search_term_string\"}}],\"inLanguage\":\"ar\"},{\"@type\":\"Organization\",\"@id\":\"https:\/\/armcdh.ma\/ar\/#organization\",\"name\":\"ARMCDH : Association des Rencontres M\u00e9diterran\u00e9ennes du Cin\u00e9ma et des droits de l\u2019Homme\",\"url\":\"https:\/\/armcdh.ma\/ar\/\",\"logo\":{\"@type\":\"ImageObject\",\"inLanguage\":\"ar\",\"@id\":\"https:\/\/armcdh.ma\/ar\/#\/schema\/logo\/image\/\",\"url\":\"https:\/\/armcdh.ma\/wp-content\/uploads\/2021\/01\/logo-armcdh-noir.png\",\"contentUrl\":\"https:\/\/armcdh.ma\/wp-content\/uploads\/2021\/01\/logo-armcdh-noir.png\",\"width\":300,\"height\":94,\"caption\":\"ARMCDH : Association des Rencontres M\u00e9diterran\u00e9ennes du Cin\u00e9ma et des droits de l\u2019Homme\"},\"image\":{\"@id\":\"https:\/\/armcdh.ma\/ar\/#\/schema\/logo\/image\/\"}}]}<\/script>\n<!-- \/ Yoast SEO plugin. -->","yoast_head_json":{"title":"\u0631\u0642\u0645\u0646\u0629 \u0643\u0627\u0645\u0644\u0629 \u0644\u0645\u062c\u0644\u0629 \"\u0639\u0644\u0649 \u0627\u0644\u0623\u0642\u0644\" - ARMCDH","robots":{"index":"index","follow":"follow","max-snippet":"max-snippet:-1","max-image-preview":"max-image-preview:large","max-video-preview":"max-video-preview:-1"},"canonical":"https:\/\/armcdh.ma\/ar\/%d8%b1%d9%82%d9%85%d9%86%d8%a9-%d9%83%d8%a7%d9%85%d9%84%d8%a9-%d9%84%d9%85%d8%ac%d9%84%d8%a9-%d8%b9%d9%84%d9%89-%d8%a7%d9%84%d8%a3%d9%82%d9%84\/","og_locale":"ar_AR","og_type":"article","og_title":"\u0631\u0642\u0645\u0646\u0629 \u0643\u0627\u0645\u0644\u0629 \u0644\u0645\u062c\u0644\u0629 \"\u0639\u0644\u0649 \u0627\u0644\u0623\u0642\u0644\" - ARMCDH","og_description":"[vc_row content_aligment=&#8221;center&#8221;][vc_column][\/vc_column][\/vc_row][vc_row content_width=&#8221;grid&#8221; content_aligment=&#8221;center&#8221; css=&#8221;.vc_custom_1723032961407{padding-top: 50px !important;}&#8221; el_class=&#8221;rapports&#8221;][vc_column width=&#8221;1\/3&#8243; el_class=&#8221;book&#8221;][vc_empty_space height=&#8221;12px&#8221;][vc_single_image image=&#8221;12408&#8243; img_size=&#8221;full&#8221; alignment=&#8221;center&#8221; onclick=&#8221;custom_link&#8221; link=&#8221;https:\/\/armcdh.ma\/wp-content\/uploads\/2021\/01\/\u0639\u0644\u0649-\u0627\u0644\u0627\u0642\u0644-\u0627\u0644\u0633\u0646\u0629-\u0627\u0644\u0627\u0648\u0644\u0649-\u0627\u0644\u0639\u062f\u062f\u0627\u0646-5-6-1991.pdf&#8221; el_class=&#8221;cover&#8221;][vc_empty_space height=&#8221;12px&#8221;][\/vc_column][vc_column width=&#8221;1\/3&#8243; el_class=&#8221;book&#8221;][vc_empty_space height=&#8221;12px&#8221;][vc_single_image image=&#8221;12412&#8243; img_size=&#8221;full&#8221; alignment=&#8221;center&#8221; onclick=&#8221;custom_link&#8221; link=&#8221;https:\/\/armcdh.ma\/wp-content\/uploads\/2021\/01\/\u0639\u0644\u0649-\u0627\u0644\u0627\u0642\u0644-\u0627\u0644\u0633\u0646\u0629-\u0627\u0644\u0627\u0648\u0644\u0649-\u0627\u0644\u0639\u062f\u062f-8-1992.pdf&#8221; el_class=&#8221;cover&#8221;][vc_empty_space height=&#8221;12px&#8221;][\/vc_column][vc_column width=&#8221;1\/3&#8243; el_class=&#8221;book&#8221;][vc_empty_space height=&#8221;12px&#8221;][vc_single_image image=&#8221;12410&#8243; img_size=&#8221;full&#8221; alignment=&#8221;center&#8221; onclick=&#8221;custom_link&#8221; link=&#8221;https:\/\/armcdh.ma\/wp-content\/uploads\/2021\/01\/\u0639\u0644\u0649-\u0627\u0644\u0627\u0642\u0644-\u0627\u0644\u0633\u0646\u0629-\u0627\u0644\u0627\u0648\u0644\u0649-\u0627\u0644\u0639\u062f\u062f-7-1992.pdf&#8221; el_class=&#8221;cover&#8221;][vc_empty_space height=&#8221;12px&#8221;][\/vc_column][\/vc_row][vc_row content_width=&#8221;grid&#8221; content_aligment=&#8221;center&#8221; css=&#8221;.vc_custom_1723032961407{padding-top: 50px !important;}&#8221; el_class=&#8221;rapports&#8221;][vc_column width=&#8221;1\/3&#8243;...","og_url":"https:\/\/armcdh.ma\/ar\/%d8%b1%d9%82%d9%85%d9%86%d8%a9-%d9%83%d8%a7%d9%85%d9%84%d8%a9-%d9%84%d9%85%d8%ac%d9%84%d8%a9-%d8%b9%d9%84%d9%89-%d8%a7%d9%84%d8%a3%d9%82%d9%84\/","og_site_name":"ARMCDH","twitter_card":"summary_large_image","twitter_misc":{"\u0648\u0642\u062a \u0627\u0644\u0642\u0631\u0627\u0621\u0629 \u0627\u0644\u0645\u064f\u0642\u062f\u0651\u0631":"\u062f\u0642\u064a\u0642\u062a\u0627\u0646"},"schema":{"@context":"https:\/\/schema.org","@graph":[{"@type":"WebPage","@id":"https:\/\/armcdh.ma\/ar\/%d8%b1%d9%82%d9%85%d9%86%d8%a9-%d9%83%d8%a7%d9%85%d9%84%d8%a9-%d9%84%d9%85%d8%ac%d9%84%d8%a9-%d8%b9%d9%84%d9%89-%d8%a7%d9%84%d8%a3%d9%82%d9%84\/","url":"https:\/\/armcdh.ma\/ar\/%d8%b1%d9%82%d9%85%d9%86%d8%a9-%d9%83%d8%a7%d9%85%d9%84%d8%a9-%d9%84%d9%85%d8%ac%d9%84%d8%a9-%d8%b9%d9%84%d9%89-%d8%a7%d9%84%d8%a3%d9%82%d9%84\/","name":"\u0631\u0642\u0645\u0646\u0629 \u0643\u0627\u0645\u0644\u0629 \u0644\u0645\u062c\u0644\u0629 \"\u0639\u0644\u0649 \u0627\u0644\u0623\u0642\u0644\" - ARMCDH","isPartOf":{"@id":"https:\/\/armcdh.ma\/ar\/#website"},"datePublished":"2026-02-18T22:57:44+00:00","breadcrumb":{"@id":"https:\/\/armcdh.ma\/ar\/%d8%b1%d9%82%d9%85%d9%86%d8%a9-%d9%83%d8%a7%d9%85%d9%84%d8%a9-%d9%84%d9%85%d8%ac%d9%84%d8%a9-%d8%b9%d9%84%d9%89-%d8%a7%d9%84%d8%a3%d9%82%d9%84\/#breadcrumb"},"inLanguage":"ar","potentialAction":[{"@type":"ReadAction","target":["https:\/\/armcdh.ma\/ar\/%d8%b1%d9%82%d9%85%d9%86%d8%a9-%d9%83%d8%a7%d9%85%d9%84%d8%a9-%d9%84%d9%85%d8%ac%d9%84%d8%a9-%d8%b9%d9%84%d9%89-%d8%a7%d9%84%d8%a3%d9%82%d9%84\/"]}]},{"@type":"BreadcrumbList","@id":"https:\/\/armcdh.ma\/ar\/%d8%b1%d9%82%d9%85%d9%86%d8%a9-%d9%83%d8%a7%d9%85%d9%84%d8%a9-%d9%84%d9%85%d8%ac%d9%84%d8%a9-%d8%b9%d9%84%d9%89-%d8%a7%d9%84%d8%a3%d9%82%d9%84\/#breadcrumb","itemListElement":[{"@type":"ListItem","position":1,"name":"Accueil","item":"https:\/\/armcdh.ma\/ar\/"},{"@type":"ListItem","position":2,"name":"\u0631\u0642\u0645\u0646\u0629 \u0643\u0627\u0645\u0644\u0629 \u0644\u0645\u062c\u0644\u0629 \u00ab\u00a0\u0639\u0644\u0649 \u0627\u0644\u0623\u0642\u0644\u00a0\u00bb"}]},{"@type":"WebSite","@id":"https:\/\/armcdh.ma\/ar\/#website","url":"https:\/\/armcdh.ma\/ar\/","name":"ARMCDH","description":"L\u2019Association des Rencontres M\u00e9diterran\u00e9ennes du Cin\u00e9ma et des droits de l\u2019Homme,","publisher":{"@id":"https:\/\/armcdh.ma\/ar\/#organization"},"potentialAction":[{"@type":"SearchAction","target":{"@type":"EntryPoint","urlTemplate":"https:\/\/armcdh.ma\/ar\/?s={search_term_string}"},"query-input":{"@type":"PropertyValueSpecification","valueRequired":true,"valueName":"search_term_string"}}],"inLanguage":"ar"},{"@type":"Organization","@id":"https:\/\/armcdh.ma\/ar\/#organization","name":"ARMCDH : Association des Rencontres M\u00e9diterran\u00e9ennes du Cin\u00e9ma et des droits de l\u2019Homme","url":"https:\/\/armcdh.ma\/ar\/","logo":{"@type":"ImageObject","inLanguage":"ar","@id":"https:\/\/armcdh.ma\/ar\/#\/schema\/logo\/image\/","url":"https:\/\/armcdh.ma\/wp-content\/uploads\/2021\/01\/logo-armcdh-noir.png","contentUrl":"https:\/\/armcdh.ma\/wp-content\/uploads\/2021\/01\/logo-armcdh-noir.png","width":300,"height":94,"caption":"ARMCDH : Association des Rencontres M\u00e9diterran\u00e9ennes du Cin\u00e9ma et des droits de l\u2019Homme"},"image":{"@id":"https:\/\/armcdh.ma\/ar\/#\/schema\/logo\/image\/"}}]}},"_links":{"self":[{"href":"https:\/\/armcdh.ma\/ar\/wp-json\/wp\/v2\/pages\/12428","targetHints":{"allow":["GET"]}}],"collection":[{"href":"https:\/\/armcdh.ma\/ar\/wp-json\/wp\/v2\/pages"}],"about":[{"href":"https:\/\/armcdh.ma\/ar\/wp-json\/wp\/v2\/types\/page"}],"author":[{"embeddable":true,"href":"https:\/\/armcdh.ma\/ar\/wp-json\/wp\/v2\/users\/2"}],"replies":[{"embeddable":true,"href":"https:\/\/armcdh.ma\/ar\/wp-json\/wp\/v2\/comments?post=12428"}],"version-history":[{"count":0,"href":"https:\/\/armcdh.ma\/ar\/wp-json\/wp\/v2\/pages\/12428\/revisions"}],"wp:attachment":[{"href":"https:\/\/armcdh.ma\/ar\/wp-json\/wp\/v2\/media?parent=12428"}],"curies":[{"name":"wp","href":"https:\/\/api.w.org\/{rel}","templated":true}]}}