{"id":8357,"date":"2020-12-02T12:21:24","date_gmt":"2020-12-02T11:21:24","guid":{"rendered":"https:\/\/armcdh.ma\/mentions-legales\/"},"modified":"2020-12-02T12:21:24","modified_gmt":"2020-12-02T11:21:24","slug":"mentions-legales","status":"publish","type":"page","link":"https:\/\/armcdh.ma\/ar\/mentions-legales\/","title":{"rendered":"Mentions l\u00e9gales"},"content":{"rendered":"<h1>Mentions l\u00e9gales et conditions d&#8217;utilisation<\/h1>\n<h2>G\u00e9n\u00e9ralit\u00e9s<\/h2>\n<p>Vous vous trouvez actuellement sur le site web de Armcdh : <a title=\"Web agency au Maroc et \u00e0 l'offshore\" href=\"https:\/\/www.armcdh.ma\/\">www.armcdh.ma<\/a><\/p>\n<p>L\u2019Association des Rencontres M\u00e9diterran\u00e9ennes du Cin\u00e9ma et des droits de l\u2019Homme<\/p>\n<p>Apt 3, N\u00b05 Rue Youssef Ben Tachfine, HASSAN, Rabat 10010<\/p>\n<p>Maroc<\/p>\n<p>T\u00c9L\u00c9PHONE : <a href=\"tel:+212%205%2037%2069%2028%2085\">(+212) 5 37 69 28 85<\/a><br \/>MOBILE :<a href=\"tel:+212650183415\"> (+212)06 50 18 34 15<\/a><\/p>\n<h2>Contrat d&#8217;utilisation<\/h2>\n<p>\u00c0 ce site s&#8217;applique un contrat d&#8217;utilisation, lequel est pass\u00e9 entre Armcdh et le visiteur du site web. L&#8217;utilisateur\/ visiteur d\u00e9clare accepter les clauses ci-apr\u00e8s lors de l&#8217;acc\u00e8s au site et de l&#8217;utilisation de ce dernier, des documents et de toute autre information qu&#8217;il contient. Si l&#8217;utilisateur n&#8217;approuve pas ce contrat, il est tenu de quitter imm\u00e9diatement ce site web.<\/p>\n<h2>Utilisation du site web et des informations<\/h2>\n<p>L&#8217;ensemble du site web de Armcdh (textes, donn\u00e9es, images, photos, graphiques, sch\u00e9mas, vid\u00e9os, animations, communiqu\u00e9s de presse, rapports annuels, sp\u00e9cifications techniques, descriptions de produits, etc.) est couvert par le droit d&#8217;auteur et marques d\u00e9pos\u00e9es.<\/p>\n<p>Vous pouvez t\u00e9l\u00e9charger ou imprimer sur papier des pages et\/ou des parties du site web, pour autant que vous ne supprimiez pas les mentions relatives au droit d&#8217;auteur ou autres mentions concernant les droits de propri\u00e9t\u00e9.<\/p>\n<p>Le t\u00e9l\u00e9chargement ou toute autre forme de copie d&#8217;un logiciel ou d&#8217;informations pr\u00e9sentes sur le site web de Armcdh ne vous conf\u00e8re aucun droit sur ceux-ci. Vous ne pouvez ni reproduire, ni transmettre de mani\u00e8re que ce soit, ni modifier, ni utiliser le site web de Armcdh \u00e0 des fins publiques ou commerciales, ni cr\u00e9er des liens avec celui-ci, sans l&#8217;autorisation \u00e9crite pr\u00e9alable de Armcdh. En cas d&#8217;utilisation de la totalit\u00e9 ou d&#8217;une partie des informations en contradictions avec ces clauses et avec la loi est express\u00e9ment interdite et peut donner lieu \u00e0 des sanctions d\u2019ordre civil ou p\u00e9nal.<\/p>\n<h2>Garantie sur les informations fournies par l&#8217;interm\u00e9diaire du site web<\/h2>\n<p>Bien que Armcdh fasse tout son possible pour assurer la qualit\u00e9 de l&#8217;information, il se peut que, vu l&#8217;\u00e9volution permanente des produits Armcdh ainsi que l&#8217;adaptation constante aux \u00e9volutions du march\u00e9, certaines donn\u00e9es propos\u00e9es sur le site web de Armcdh puissent contenir des imperfections de toute nature, tant dans la forme que dans le contenu (notamment au niveau de la mise \u00e0 jour). Toutes ces informations, conseils directs ou indirects, pr\u00e9cisions sont donc fournies sans aucune garantie de quelque sorte que ce soit, expresse ou implicite. L&#8217;utilisateur est tenu de faire appel \u00e0 un agent de Armcdh pour obtenir des informations compl\u00e9mentaires sur sa situation sp\u00e9cifique.<\/p>\n<h2>Sites web li\u00e9s<\/h2>\n<p>Le site web Armcdh peut renvoyer sur d&#8217;autres sites web, mais Armcdh n&#8217;assume ni n&#8217;accepte aucune responsabilit\u00e9 \u00e0 l&#8217;\u00e9gard du contenu, produits, services ou autres objets offerts par le biais de ces derniers.<\/p>\n<h2>Confidentialit\u00e9 des donn\u00e9es<\/h2>\n<p>Les informations recueillies sur le site <a title=\"Agence web au Maroc et \u00e0 l'offshore\" href=\"http:\/\/www.armcdh.ma\/\">www.armcdh.ma<\/a> font l\u2019objet d\u2019un traitement destin\u00e9 \u00e0 des fins commerciales ou des besoin en ressources humaines.<\/p>\n<p>Les destinataires des donn\u00e9es sont les membres de l&#8217;association.<\/p>\n<p>Conform\u00e9ment \u00e0 la loi n\u00b0 09-08 promulgu\u00e9e par le Dahir 1-09-15 du 18 f\u00e9vrier 2009, relative \u00e0 la protection des personnes physiques \u00e0 l&#8217;\u00e9gard du traitement des donn\u00e9es \u00e0 caract\u00e8re personnel, vous b\u00e9n\u00e9ficiez d\u2019un droit d\u2019acc\u00e8s et de rectification aux informations qui vous concernent, que vous pouvez exercer en vous adressant \u00e0 votre demande par email \u00e0 <a href=\"mailto:armcdh@yahoo.fr\" target=\"_blank\" rel=\"noopener\">armcdh@yahoo.fr .<\/a><\/p>\n<p>Vous pouvez \u00e9galement, pour des motifs l\u00e9gitimes, vous opposez \u00e0 ce que les donn\u00e9es qui vous concernent fassent l\u2019objet d\u2019un traitement.<\/p>\n<p>Les donn\u00e9es collect\u00e9es sur le site Armcdh peuvent \u00eatre utilis\u00e9es \u00e0 des fins de prospection commerciale.<\/p>\n<h2>Informations sur les cookies<\/h2>\n<p>Pour plus d&#8217;informations sur l&#8217;utilisation des cookies sur site veuillez consulter la page : <a title=\"Informations sur les cookies\" href=\"https:\/\/www.armcdh.ma\/cookies\/\">utilisation des cookies<\/a>.<\/p>\n","protected":false},"excerpt":{"rendered":"<p>Mentions l\u00e9gales et conditions d&#8217;utilisation G\u00e9n\u00e9ralit\u00e9s Vous vous trouvez actuellement sur le site web de Armcdh : www.armcdh.ma L\u2019Association des Rencontres M\u00e9diterran\u00e9ennes du Cin\u00e9ma et des droits de l\u2019Homme Apt 3, N\u00b05 Rue Youssef Ben Tachfine, HASSAN, Rabat 10010 Maroc T\u00c9L\u00c9PHONE : (+212) 5 37&#8230;<\/p>\n","protected":false},"author":1,"featured_media":0,"parent":0,"menu_order":0,"comment_status":"closed","ping_status":"open","template":"","meta":{"_acf_changed":false,"footnotes":""},"class_list":["post-8357","page","type-page","status-publish","hentry"],"acf":[],"yoast_head":"<!-- This site is optimized with the Yoast SEO plugin v26.2 - https:\/\/yoast.com\/wordpress\/plugins\/seo\/ -->\n<title>Mentions l\u00e9gales - ARMCDH<\/title>\n<meta name=\"robots\" content=\"index, follow, max-snippet:-1, max-image-preview:large, max-video-preview:-1\" \/>\n<link rel=\"canonical\" href=\"https:\/\/armcdh.ma\/ar\/mentions-legales\/\" \/>\n<meta property=\"og:locale\" content=\"ar_AR\" \/>\n<meta property=\"og:type\" content=\"article\" \/>\n<meta property=\"og:title\" content=\"Mentions l\u00e9gales - ARMCDH\" \/>\n<meta property=\"og:description\" content=\"Mentions l\u00e9gales et conditions d&#8217;utilisation G\u00e9n\u00e9ralit\u00e9s Vous vous trouvez actuellement sur le site web de Armcdh : www.armcdh.ma L\u2019Association des Rencontres M\u00e9diterran\u00e9ennes du Cin\u00e9ma et des droits de l\u2019Homme Apt 3, N\u00b05 Rue Youssef Ben Tachfine, HASSAN, Rabat 10010 Maroc T\u00c9L\u00c9PHONE : (+212) 5 37...\" \/>\n<meta property=\"og:url\" content=\"https:\/\/armcdh.ma\/ar\/mentions-legales\/\" \/>\n<meta property=\"og:site_name\" content=\"ARMCDH\" \/>\n<meta name=\"twitter:card\" content=\"summary_large_image\" \/>\n<meta name=\"twitter:label1\" content=\"\u0648\u0642\u062a \u0627\u0644\u0642\u0631\u0627\u0621\u0629 \u0627\u0644\u0645\u064f\u0642\u062f\u0651\u0631\" \/>\n\t<meta name=\"twitter:data1\" content=\"3 \u062f\u0642\u0627\u0626\u0642\" \/>\n<script type=\"application\/ld+json\" class=\"yoast-schema-graph\">{\"@context\":\"https:\/\/schema.org\",\"@graph\":[{\"@type\":\"WebPage\",\"@id\":\"https:\/\/armcdh.ma\/ar\/mentions-legales\/\",\"url\":\"https:\/\/armcdh.ma\/ar\/mentions-legales\/\",\"name\":\"Mentions l\u00e9gales - ARMCDH\",\"isPartOf\":{\"@id\":\"https:\/\/armcdh.ma\/ar\/#website\"},\"datePublished\":\"2020-12-02T11:21:24+00:00\",\"breadcrumb\":{\"@id\":\"https:\/\/armcdh.ma\/ar\/mentions-legales\/#breadcrumb\"},\"inLanguage\":\"ar\",\"potentialAction\":[{\"@type\":\"ReadAction\",\"target\":[\"https:\/\/armcdh.ma\/ar\/mentions-legales\/\"]}]},{\"@type\":\"BreadcrumbList\",\"@id\":\"https:\/\/armcdh.ma\/ar\/mentions-legales\/#breadcrumb\",\"itemListElement\":[{\"@type\":\"ListItem\",\"position\":1,\"name\":\"Accueil\",\"item\":\"https:\/\/armcdh.ma\/ar\/\"},{\"@type\":\"ListItem\",\"position\":2,\"name\":\"Mentions l\u00e9gales\"}]},{\"@type\":\"WebSite\",\"@id\":\"https:\/\/armcdh.ma\/ar\/#website\",\"url\":\"https:\/\/armcdh.ma\/ar\/\",\"name\":\"ARMCDH\",\"description\":\"L\u2019Association des Rencontres M\u00e9diterran\u00e9ennes du Cin\u00e9ma et des droits de l\u2019Homme,\",\"publisher\":{\"@id\":\"https:\/\/armcdh.ma\/ar\/#organization\"},\"potentialAction\":[{\"@type\":\"SearchAction\",\"target\":{\"@type\":\"EntryPoint\",\"urlTemplate\":\"https:\/\/armcdh.ma\/ar\/?s={search_term_string}\"},\"query-input\":{\"@type\":\"PropertyValueSpecification\",\"valueRequired\":true,\"valueName\":\"search_term_string\"}}],\"inLanguage\":\"ar\"},{\"@type\":\"Organization\",\"@id\":\"https:\/\/armcdh.ma\/ar\/#organization\",\"name\":\"ARMCDH : Association des Rencontres M\u00e9diterran\u00e9ennes du Cin\u00e9ma et des droits de l\u2019Homme\",\"url\":\"https:\/\/armcdh.ma\/ar\/\",\"logo\":{\"@type\":\"ImageObject\",\"inLanguage\":\"ar\",\"@id\":\"https:\/\/armcdh.ma\/ar\/#\/schema\/logo\/image\/\",\"url\":\"https:\/\/armcdh.ma\/wp-content\/uploads\/2021\/01\/logo-armcdh-noir.png\",\"contentUrl\":\"https:\/\/armcdh.ma\/wp-content\/uploads\/2021\/01\/logo-armcdh-noir.png\",\"width\":300,\"height\":94,\"caption\":\"ARMCDH : Association des Rencontres M\u00e9diterran\u00e9ennes du Cin\u00e9ma et des droits de l\u2019Homme\"},\"image\":{\"@id\":\"https:\/\/armcdh.ma\/ar\/#\/schema\/logo\/image\/\"}}]}<\/script>\n<!-- \/ Yoast SEO plugin. -->","yoast_head_json":{"title":"Mentions l\u00e9gales - ARMCDH","robots":{"index":"index","follow":"follow","max-snippet":"max-snippet:-1","max-image-preview":"max-image-preview:large","max-video-preview":"max-video-preview:-1"},"canonical":"https:\/\/armcdh.ma\/ar\/mentions-legales\/","og_locale":"ar_AR","og_type":"article","og_title":"Mentions l\u00e9gales - ARMCDH","og_description":"Mentions l\u00e9gales et conditions d&#8217;utilisation G\u00e9n\u00e9ralit\u00e9s Vous vous trouvez actuellement sur le site web de Armcdh : www.armcdh.ma L\u2019Association des Rencontres M\u00e9diterran\u00e9ennes du Cin\u00e9ma et des droits de l\u2019Homme Apt 3, N\u00b05 Rue Youssef Ben Tachfine, HASSAN, Rabat 10010 Maroc T\u00c9L\u00c9PHONE : (+212) 5 37...","og_url":"https:\/\/armcdh.ma\/ar\/mentions-legales\/","og_site_name":"ARMCDH","twitter_card":"summary_large_image","twitter_misc":{"\u0648\u0642\u062a \u0627\u0644\u0642\u0631\u0627\u0621\u0629 \u0627\u0644\u0645\u064f\u0642\u062f\u0651\u0631":"3 \u062f\u0642\u0627\u0626\u0642"},"schema":{"@context":"https:\/\/schema.org","@graph":[{"@type":"WebPage","@id":"https:\/\/armcdh.ma\/ar\/mentions-legales\/","url":"https:\/\/armcdh.ma\/ar\/mentions-legales\/","name":"Mentions l\u00e9gales - ARMCDH","isPartOf":{"@id":"https:\/\/armcdh.ma\/ar\/#website"},"datePublished":"2020-12-02T11:21:24+00:00","breadcrumb":{"@id":"https:\/\/armcdh.ma\/ar\/mentions-legales\/#breadcrumb"},"inLanguage":"ar","potentialAction":[{"@type":"ReadAction","target":["https:\/\/armcdh.ma\/ar\/mentions-legales\/"]}]},{"@type":"BreadcrumbList","@id":"https:\/\/armcdh.ma\/ar\/mentions-legales\/#breadcrumb","itemListElement":[{"@type":"ListItem","position":1,"name":"Accueil","item":"https:\/\/armcdh.ma\/ar\/"},{"@type":"ListItem","position":2,"name":"Mentions l\u00e9gales"}]},{"@type":"WebSite","@id":"https:\/\/armcdh.ma\/ar\/#website","url":"https:\/\/armcdh.ma\/ar\/","name":"ARMCDH","description":"L\u2019Association des Rencontres M\u00e9diterran\u00e9ennes du Cin\u00e9ma et des droits de l\u2019Homme,","publisher":{"@id":"https:\/\/armcdh.ma\/ar\/#organization"},"potentialAction":[{"@type":"SearchAction","target":{"@type":"EntryPoint","urlTemplate":"https:\/\/armcdh.ma\/ar\/?s={search_term_string}"},"query-input":{"@type":"PropertyValueSpecification","valueRequired":true,"valueName":"search_term_string"}}],"inLanguage":"ar"},{"@type":"Organization","@id":"https:\/\/armcdh.ma\/ar\/#organization","name":"ARMCDH : Association des Rencontres M\u00e9diterran\u00e9ennes du Cin\u00e9ma et des droits de l\u2019Homme","url":"https:\/\/armcdh.ma\/ar\/","logo":{"@type":"ImageObject","inLanguage":"ar","@id":"https:\/\/armcdh.ma\/ar\/#\/schema\/logo\/image\/","url":"https:\/\/armcdh.ma\/wp-content\/uploads\/2021\/01\/logo-armcdh-noir.png","contentUrl":"https:\/\/armcdh.ma\/wp-content\/uploads\/2021\/01\/logo-armcdh-noir.png","width":300,"height":94,"caption":"ARMCDH : Association des Rencontres M\u00e9diterran\u00e9ennes du Cin\u00e9ma et des droits de l\u2019Homme"},"image":{"@id":"https:\/\/armcdh.ma\/ar\/#\/schema\/logo\/image\/"}}]}},"_links":{"self":[{"href":"https:\/\/armcdh.ma\/ar\/wp-json\/wp\/v2\/pages\/8357","targetHints":{"allow":["GET"]}}],"collection":[{"href":"https:\/\/armcdh.ma\/ar\/wp-json\/wp\/v2\/pages"}],"about":[{"href":"https:\/\/armcdh.ma\/ar\/wp-json\/wp\/v2\/types\/page"}],"author":[{"embeddable":true,"href":"https:\/\/armcdh.ma\/ar\/wp-json\/wp\/v2\/users\/1"}],"replies":[{"embeddable":true,"href":"https:\/\/armcdh.ma\/ar\/wp-json\/wp\/v2\/comments?post=8357"}],"version-history":[{"count":0,"href":"https:\/\/armcdh.ma\/ar\/wp-json\/wp\/v2\/pages\/8357\/revisions"}],"wp:attachment":[{"href":"https:\/\/armcdh.ma\/ar\/wp-json\/wp\/v2\/media?parent=8357"}],"curies":[{"name":"wp","href":"https:\/\/api.w.org\/{rel}","templated":true}]}}