{"id":8360,"date":"2021-08-28T23:59:44","date_gmt":"2021-08-28T21:59:44","guid":{"rendered":"https:\/\/armcdh.ma\/supports-educatifs\/"},"modified":"2023-10-11T16:58:35","modified_gmt":"2023-10-11T14:58:35","slug":"supports-educatifs","status":"publish","type":"page","link":"https:\/\/armcdh.ma\/ar\/supports-educatifs\/","title":{"rendered":"\u0627\u0644\u0645\u0648\u0627\u062f \u0627\u0644\u062a\u0639\u0644\u064a\u0645\u064a\u0629"},"content":{"rendered":"<p>[vc_row content_width=&#8221;grid&#8221; css=&#8221;.vc_custom_1697026317262{padding-top: 50px !important;}&#8221; el_class=&#8221;rapports&#8221;][vc_column width=&#8221;1\/3&#8243;][vc_single_image image=&#8221;10300&#8243; img_size=&#8221;full&#8221; alignment=&#8221;center&#8221; onclick=&#8221;custom_link&#8221; link=&#8221;https:\/\/armcdh.ma\/ar\/supports-educatifs\/guide-pour-la-promotion-de-la-culture-des-droits-de-lhomme-et-la-citoyennete-a-travers-le-cinema\/&#8221;][\/vc_column][vc_column width=&#8221;1\/3&#8243;][vc_single_image image=&#8221;10286&#8243; img_size=&#8221;full&#8221; alignment=&#8221;center&#8221; onclick=&#8221;custom_link&#8221; link=&#8221;https:\/\/armcdh.ma\/ar\/supports-educatifs\/fiches-pedagogiques-pour-lanimation-des-cineclubs-scolaires\/&#8221;][\/vc_column][vc_column width=&#8221;1\/3&#8243;][\/vc_column][\/vc_row]<\/p>\n","protected":false},"excerpt":{"rendered":"<p>[vc_row content_width=&#8221;grid&#8221; css=&#8221;.vc_custom_1697026317262{padding-top: 50px !important;}&#8221; el_class=&#8221;rapports&#8221;][vc_column width=&#8221;1\/3&#8243;][vc_single_image image=&#8221;10300&#8243; img_size=&#8221;full&#8221; alignment=&#8221;center&#8221; onclick=&#8221;custom_link&#8221; link=&#8221;https:\/\/armcdh.ma\/ar\/supports-educatifs\/guide-pour-la-promotion-de-la-culture-des-droits-de-lhomme-et-la-citoyennete-a-travers-le-cinema\/&#8221;][\/vc_column][vc_column width=&#8221;1\/3&#8243;][vc_single_image image=&#8221;10286&#8243; img_size=&#8221;full&#8221; alignment=&#8221;center&#8221; onclick=&#8221;custom_link&#8221; link=&#8221;https:\/\/armcdh.ma\/ar\/supports-educatifs\/fiches-pedagogiques-pour-lanimation-des-cineclubs-scolaires\/&#8221;][\/vc_column][vc_column width=&#8221;1\/3&#8243;][\/vc_column][\/vc_row]<\/p>\n","protected":false},"author":1,"featured_media":0,"parent":0,"menu_order":0,"comment_status":"closed","ping_status":"closed","template":"","meta":{"_acf_changed":false,"footnotes":""},"class_list":["post-8360","page","type-page","status-publish","hentry"],"acf":[],"yoast_head":"<!-- This site is optimized with the Yoast SEO plugin v27.5 - https:\/\/yoast.com\/product\/yoast-seo-wordpress\/ -->\n<title>\u0627\u0644\u0645\u0648\u0627\u062f \u0627\u0644\u062a\u0639\u0644\u064a\u0645\u064a\u0629 - ARMCDH<\/title>\n<meta name=\"robots\" content=\"index, follow, max-snippet:-1, max-image-preview:large, max-video-preview:-1\" \/>\n<link rel=\"canonical\" href=\"https:\/\/armcdh.ma\/ar\/supports-educatifs\/\" \/>\n<meta property=\"og:locale\" content=\"ar_AR\" \/>\n<meta property=\"og:type\" content=\"article\" \/>\n<meta property=\"og:title\" content=\"\u0627\u0644\u0645\u0648\u0627\u062f \u0627\u0644\u062a\u0639\u0644\u064a\u0645\u064a\u0629 - ARMCDH\" \/>\n<meta property=\"og:description\" content=\"[vc_row content_width=&#8221;grid&#8221; css=&#8221;.vc_custom_1697026317262{padding-top: 50px !important;}&#8221; el_class=&#8221;rapports&#8221;][vc_column width=&#8221;1\/3&#8243;][vc_single_image image=&#8221;10300&#8243; img_size=&#8221;full&#8221; alignment=&#8221;center&#8221; onclick=&#8221;custom_link&#8221; link=&#8221;https:\/\/armcdh.ma\/ar\/supports-educatifs\/guide-pour-la-promotion-de-la-culture-des-droits-de-lhomme-et-la-citoyennete-a-travers-le-cinema\/&#8221;][\/vc_column][vc_column width=&#8221;1\/3&#8243;][vc_single_image image=&#8221;10286&#8243; img_size=&#8221;full&#8221; alignment=&#8221;center&#8221; onclick=&#8221;custom_link&#8221; link=&#8221;https:\/\/armcdh.ma\/ar\/supports-educatifs\/fiches-pedagogiques-pour-lanimation-des-cineclubs-scolaires\/&#8221;][\/vc_column][vc_column width=&#8221;1\/3&#8243;][\/vc_column][\/vc_row]\" \/>\n<meta property=\"og:url\" content=\"https:\/\/armcdh.ma\/ar\/supports-educatifs\/\" \/>\n<meta property=\"og:site_name\" content=\"ARMCDH\" \/>\n<meta property=\"article:modified_time\" content=\"2023-10-11T14:58:35+00:00\" \/>\n<meta name=\"twitter:card\" content=\"summary_large_image\" \/>\n<meta name=\"twitter:label1\" content=\"\u0648\u0642\u062a \u0627\u0644\u0642\u0631\u0627\u0621\u0629 \u0627\u0644\u0645\u064f\u0642\u062f\u0651\u0631\" \/>\n\t<meta name=\"twitter:data1\" content=\"1 \u062f\u0642\u064a\u0642\u0629\" \/>\n<script type=\"application\/ld+json\" class=\"yoast-schema-graph\">{\"@context\":\"https:\\\/\\\/schema.org\",\"@graph\":[{\"@type\":\"WebPage\",\"@id\":\"https:\\\/\\\/armcdh.ma\\\/ar\\\/supports-educatifs\\\/\",\"url\":\"https:\\\/\\\/armcdh.ma\\\/ar\\\/supports-educatifs\\\/\",\"name\":\"\u0627\u0644\u0645\u0648\u0627\u062f \u0627\u0644\u062a\u0639\u0644\u064a\u0645\u064a\u0629 - ARMCDH\",\"isPartOf\":{\"@id\":\"https:\\\/\\\/armcdh.ma\\\/ar\\\/#website\"},\"datePublished\":\"2021-08-28T21:59:44+00:00\",\"dateModified\":\"2023-10-11T14:58:35+00:00\",\"breadcrumb\":{\"@id\":\"https:\\\/\\\/armcdh.ma\\\/ar\\\/supports-educatifs\\\/#breadcrumb\"},\"inLanguage\":\"ar\",\"potentialAction\":[{\"@type\":\"ReadAction\",\"target\":[\"https:\\\/\\\/armcdh.ma\\\/ar\\\/supports-educatifs\\\/\"]}]},{\"@type\":\"BreadcrumbList\",\"@id\":\"https:\\\/\\\/armcdh.ma\\\/ar\\\/supports-educatifs\\\/#breadcrumb\",\"itemListElement\":[{\"@type\":\"ListItem\",\"position\":1,\"name\":\"Accueil\",\"item\":\"https:\\\/\\\/armcdh.ma\\\/ar\\\/\"},{\"@type\":\"ListItem\",\"position\":2,\"name\":\"\u0627\u0644\u0645\u0648\u0627\u062f \u0627\u0644\u062a\u0639\u0644\u064a\u0645\u064a\u0629\"}]},{\"@type\":\"WebSite\",\"@id\":\"https:\\\/\\\/armcdh.ma\\\/ar\\\/#website\",\"url\":\"https:\\\/\\\/armcdh.ma\\\/ar\\\/\",\"name\":\"ARMCDH\",\"description\":\"L\u2019Association des Rencontres M\u00e9diterran\u00e9ennes du Cin\u00e9ma et des droits de l\u2019Homme,\",\"publisher\":{\"@id\":\"https:\\\/\\\/armcdh.ma\\\/ar\\\/#organization\"},\"potentialAction\":[{\"@type\":\"SearchAction\",\"target\":{\"@type\":\"EntryPoint\",\"urlTemplate\":\"https:\\\/\\\/armcdh.ma\\\/ar\\\/?s={search_term_string}\"},\"query-input\":{\"@type\":\"PropertyValueSpecification\",\"valueRequired\":true,\"valueName\":\"search_term_string\"}}],\"inLanguage\":\"ar\"},{\"@type\":\"Organization\",\"@id\":\"https:\\\/\\\/armcdh.ma\\\/ar\\\/#organization\",\"name\":\"ARMCDH : Association des Rencontres M\u00e9diterran\u00e9ennes du Cin\u00e9ma et des droits de l\u2019Homme\",\"url\":\"https:\\\/\\\/armcdh.ma\\\/ar\\\/\",\"logo\":{\"@type\":\"ImageObject\",\"inLanguage\":\"ar\",\"@id\":\"https:\\\/\\\/armcdh.ma\\\/ar\\\/#\\\/schema\\\/logo\\\/image\\\/\",\"url\":\"https:\\\/\\\/armcdh.ma\\\/wp-content\\\/uploads\\\/2021\\\/01\\\/logo-armcdh-noir.png\",\"contentUrl\":\"https:\\\/\\\/armcdh.ma\\\/wp-content\\\/uploads\\\/2021\\\/01\\\/logo-armcdh-noir.png\",\"width\":300,\"height\":94,\"caption\":\"ARMCDH : Association des Rencontres M\u00e9diterran\u00e9ennes du Cin\u00e9ma et des droits de l\u2019Homme\"},\"image\":{\"@id\":\"https:\\\/\\\/armcdh.ma\\\/ar\\\/#\\\/schema\\\/logo\\\/image\\\/\"}}]}<\/script>\n<!-- \/ Yoast SEO plugin. -->","yoast_head_json":{"title":"\u0627\u0644\u0645\u0648\u0627\u062f \u0627\u0644\u062a\u0639\u0644\u064a\u0645\u064a\u0629 - ARMCDH","robots":{"index":"index","follow":"follow","max-snippet":"max-snippet:-1","max-image-preview":"max-image-preview:large","max-video-preview":"max-video-preview:-1"},"canonical":"https:\/\/armcdh.ma\/ar\/supports-educatifs\/","og_locale":"ar_AR","og_type":"article","og_title":"\u0627\u0644\u0645\u0648\u0627\u062f \u0627\u0644\u062a\u0639\u0644\u064a\u0645\u064a\u0629 - ARMCDH","og_description":"[vc_row content_width=&#8221;grid&#8221; css=&#8221;.vc_custom_1697026317262{padding-top: 50px !important;}&#8221; el_class=&#8221;rapports&#8221;][vc_column width=&#8221;1\/3&#8243;][vc_single_image image=&#8221;10300&#8243; img_size=&#8221;full&#8221; alignment=&#8221;center&#8221; onclick=&#8221;custom_link&#8221; link=&#8221;https:\/\/armcdh.ma\/ar\/supports-educatifs\/guide-pour-la-promotion-de-la-culture-des-droits-de-lhomme-et-la-citoyennete-a-travers-le-cinema\/&#8221;][\/vc_column][vc_column width=&#8221;1\/3&#8243;][vc_single_image image=&#8221;10286&#8243; img_size=&#8221;full&#8221; alignment=&#8221;center&#8221; onclick=&#8221;custom_link&#8221; link=&#8221;https:\/\/armcdh.ma\/ar\/supports-educatifs\/fiches-pedagogiques-pour-lanimation-des-cineclubs-scolaires\/&#8221;][\/vc_column][vc_column width=&#8221;1\/3&#8243;][\/vc_column][\/vc_row]","og_url":"https:\/\/armcdh.ma\/ar\/supports-educatifs\/","og_site_name":"ARMCDH","article_modified_time":"2023-10-11T14:58:35+00:00","twitter_card":"summary_large_image","twitter_misc":{"\u0648\u0642\u062a \u0627\u0644\u0642\u0631\u0627\u0621\u0629 \u0627\u0644\u0645\u064f\u0642\u062f\u0651\u0631":"1 \u062f\u0642\u064a\u0642\u0629"},"schema":{"@context":"https:\/\/schema.org","@graph":[{"@type":"WebPage","@id":"https:\/\/armcdh.ma\/ar\/supports-educatifs\/","url":"https:\/\/armcdh.ma\/ar\/supports-educatifs\/","name":"\u0627\u0644\u0645\u0648\u0627\u062f \u0627\u0644\u062a\u0639\u0644\u064a\u0645\u064a\u0629 - ARMCDH","isPartOf":{"@id":"https:\/\/armcdh.ma\/ar\/#website"},"datePublished":"2021-08-28T21:59:44+00:00","dateModified":"2023-10-11T14:58:35+00:00","breadcrumb":{"@id":"https:\/\/armcdh.ma\/ar\/supports-educatifs\/#breadcrumb"},"inLanguage":"ar","potentialAction":[{"@type":"ReadAction","target":["https:\/\/armcdh.ma\/ar\/supports-educatifs\/"]}]},{"@type":"BreadcrumbList","@id":"https:\/\/armcdh.ma\/ar\/supports-educatifs\/#breadcrumb","itemListElement":[{"@type":"ListItem","position":1,"name":"Accueil","item":"https:\/\/armcdh.ma\/ar\/"},{"@type":"ListItem","position":2,"name":"\u0627\u0644\u0645\u0648\u0627\u062f \u0627\u0644\u062a\u0639\u0644\u064a\u0645\u064a\u0629"}]},{"@type":"WebSite","@id":"https:\/\/armcdh.ma\/ar\/#website","url":"https:\/\/armcdh.ma\/ar\/","name":"ARMCDH","description":"L\u2019Association des Rencontres M\u00e9diterran\u00e9ennes du Cin\u00e9ma et des droits de l\u2019Homme,","publisher":{"@id":"https:\/\/armcdh.ma\/ar\/#organization"},"potentialAction":[{"@type":"SearchAction","target":{"@type":"EntryPoint","urlTemplate":"https:\/\/armcdh.ma\/ar\/?s={search_term_string}"},"query-input":{"@type":"PropertyValueSpecification","valueRequired":true,"valueName":"search_term_string"}}],"inLanguage":"ar"},{"@type":"Organization","@id":"https:\/\/armcdh.ma\/ar\/#organization","name":"ARMCDH : Association des Rencontres M\u00e9diterran\u00e9ennes du Cin\u00e9ma et des droits de l\u2019Homme","url":"https:\/\/armcdh.ma\/ar\/","logo":{"@type":"ImageObject","inLanguage":"ar","@id":"https:\/\/armcdh.ma\/ar\/#\/schema\/logo\/image\/","url":"https:\/\/armcdh.ma\/wp-content\/uploads\/2021\/01\/logo-armcdh-noir.png","contentUrl":"https:\/\/armcdh.ma\/wp-content\/uploads\/2021\/01\/logo-armcdh-noir.png","width":300,"height":94,"caption":"ARMCDH : Association des Rencontres M\u00e9diterran\u00e9ennes du Cin\u00e9ma et des droits de l\u2019Homme"},"image":{"@id":"https:\/\/armcdh.ma\/ar\/#\/schema\/logo\/image\/"}}]}},"_links":{"self":[{"href":"https:\/\/armcdh.ma\/ar\/wp-json\/wp\/v2\/pages\/8360","targetHints":{"allow":["GET"]}}],"collection":[{"href":"https:\/\/armcdh.ma\/ar\/wp-json\/wp\/v2\/pages"}],"about":[{"href":"https:\/\/armcdh.ma\/ar\/wp-json\/wp\/v2\/types\/page"}],"author":[{"embeddable":true,"href":"https:\/\/armcdh.ma\/ar\/wp-json\/wp\/v2\/users\/1"}],"replies":[{"embeddable":true,"href":"https:\/\/armcdh.ma\/ar\/wp-json\/wp\/v2\/comments?post=8360"}],"version-history":[{"count":0,"href":"https:\/\/armcdh.ma\/ar\/wp-json\/wp\/v2\/pages\/8360\/revisions"}],"wp:attachment":[{"href":"https:\/\/armcdh.ma\/ar\/wp-json\/wp\/v2\/media?parent=8360"}],"curies":[{"name":"wp","href":"https:\/\/api.w.org\/{rel}","templated":true}]}}