{"id":8370,"date":"2022-05-18T00:36:57","date_gmt":"2022-05-17T22:36:57","guid":{"rendered":"https:\/\/armcdh.ma\/notre-equipe\/yasmine-bahammou\/"},"modified":"2023-09-15T23:54:53","modified_gmt":"2023-09-15T21:54:53","slug":"yasmine-bahammou","status":"publish","type":"page","link":"https:\/\/armcdh.ma\/ar\/notre-equipe\/yasmine-bahammou\/","title":{"rendered":"\u064a\u0627\u0633\u0645\u064a\u0646 \u0628\u0627\u0647\u0627\u0645\u0648"},"content":{"rendered":"<p>[vc_row content_width=&#8221;grid&#8221; content_aligment=&#8221;center&#8221;][vc_column][vc_empty_space][vc_single_image image=&#8221;8302&#8243; img_size=&#8221;&#8221; alignment=&#8221;center&#8221;][vc_empty_space][vc_column_text]\u062d\u0627\u0635\u0644\u0629 \u0639\u0644\u0649 \u0645\u0627\u0633\u062a\u0631 \u0641\u064a \u0645\u062c\u0627\u0644 \u0639\u0644\u0648\u0645 \u0627\u0644\u062a\u0633\u064a\u064a\u0631 \u0645\u0646 \u062c\u0627\u0645\u0639\u0629 \u0645\u062d\u0645\u062f \u0627\u0644\u062e\u0627\u0645\u0633 \u0628\u0627\u0644\u0631\u0628\u0627\u0637\u060c \u0648\u0647\u064a \u0645\u0642\u0627\u0648\u0644\u0629 \u0634\u0627\u0628\u0629 \u062a\u0647\u062a\u0645 \u0628\u0645\u0648\u0627\u0636\u064a\u0639 \u0627\u0644\u062a\u0631\u0628\u064a\u0629 \u0639\u0644\u0649 \u0627\u0644\u0645\u0648\u0627\u0637\u0646\u0629 \u0648\u062d\u0642\u0648\u0642 \u0627\u0644\u0625\u0646\u0633\u0627\u0646 \u0648\u0627\u0644\u0633\u064a\u0627\u0633\u0629 \u0648\u0627\u0644\u0645\u0642\u0627\u0648\u0644\u0629 \u0627\u0644\u0646\u0633\u0648\u064a\u0629.[\/vc_column_text][vc_empty_space][vc_empty_space][\/vc_column][\/vc_row]<\/p>\n","protected":false},"excerpt":{"rendered":"<p>[vc_row content_width=&#8221;grid&#8221; content_aligment=&#8221;center&#8221;][vc_column][vc_empty_space][vc_single_image image=&#8221;8302&#8243; img_size=&#8221;&#8221; alignment=&#8221;center&#8221;][vc_empty_space][vc_column_text]\u062d\u0627\u0635\u0644\u0629 \u0639\u0644\u0649 \u0645\u0627\u0633\u062a\u0631 \u0641\u064a \u0645\u062c\u0627\u0644 \u0639\u0644\u0648\u0645 \u0627\u0644\u062a\u0633\u064a\u064a\u0631 \u0645\u0646 \u062c\u0627\u0645\u0639\u0629 \u0645\u062d\u0645\u062f \u0627\u0644\u062e\u0627\u0645\u0633 \u0628\u0627\u0644\u0631\u0628\u0627\u0637\u060c \u0648\u0647\u064a \u0645\u0642\u0627\u0648\u0644\u0629 \u0634\u0627\u0628\u0629 \u062a\u0647\u062a\u0645 \u0628\u0645\u0648\u0627\u0636\u064a\u0639 \u0627\u0644\u062a\u0631\u0628\u064a\u0629 \u0639\u0644\u0649 \u0627\u0644\u0645\u0648\u0627\u0637\u0646\u0629 \u0648\u062d\u0642\u0648\u0642 \u0627\u0644\u0625\u0646\u0633\u0627\u0646 \u0648\u0627\u0644\u0633\u064a\u0627\u0633\u0629 \u0648\u0627\u0644\u0645\u0642\u0627\u0648\u0644\u0629 \u0627\u0644\u0646\u0633\u0648\u064a\u0629.[\/vc_column_text][vc_empty_space][vc_empty_space][\/vc_column][\/vc_row]<\/p>\n","protected":false},"author":1,"featured_media":0,"parent":8350,"menu_order":0,"comment_status":"closed","ping_status":"closed","template":"full-width.php","meta":{"_acf_changed":false,"footnotes":""},"class_list":["post-8370","page","type-page","status-publish","hentry"],"acf":[],"yoast_head":"<!-- This site is optimized with the Yoast SEO plugin v26.2 - https:\/\/yoast.com\/wordpress\/plugins\/seo\/ -->\n<title>\u064a\u0627\u0633\u0645\u064a\u0646 \u0628\u0627\u0647\u0627\u0645\u0648 - ARMCDH<\/title>\n<meta name=\"robots\" content=\"index, follow, max-snippet:-1, max-image-preview:large, max-video-preview:-1\" \/>\n<link rel=\"canonical\" href=\"https:\/\/armcdh.ma\/ar\/notre-equipe\/yasmine-bahammou\/\" \/>\n<meta property=\"og:locale\" content=\"ar_AR\" \/>\n<meta property=\"og:type\" content=\"article\" \/>\n<meta property=\"og:title\" content=\"\u064a\u0627\u0633\u0645\u064a\u0646 \u0628\u0627\u0647\u0627\u0645\u0648 - ARMCDH\" \/>\n<meta property=\"og:description\" content=\"[vc_row content_width=&#8221;grid&#8221; content_aligment=&#8221;center&#8221;][vc_column][vc_empty_space][vc_single_image image=&#8221;8302&#8243; img_size=&#8221;&#8221; alignment=&#8221;center&#8221;][vc_empty_space][vc_column_text]\u062d\u0627\u0635\u0644\u0629 \u0639\u0644\u0649 \u0645\u0627\u0633\u062a\u0631 \u0641\u064a \u0645\u062c\u0627\u0644 \u0639\u0644\u0648\u0645 \u0627\u0644\u062a\u0633\u064a\u064a\u0631 \u0645\u0646 \u062c\u0627\u0645\u0639\u0629 \u0645\u062d\u0645\u062f \u0627\u0644\u062e\u0627\u0645\u0633 \u0628\u0627\u0644\u0631\u0628\u0627\u0637\u060c \u0648\u0647\u064a \u0645\u0642\u0627\u0648\u0644\u0629 \u0634\u0627\u0628\u0629 \u062a\u0647\u062a\u0645 \u0628\u0645\u0648\u0627\u0636\u064a\u0639 \u0627\u0644\u062a\u0631\u0628\u064a\u0629 \u0639\u0644\u0649 \u0627\u0644\u0645\u0648\u0627\u0637\u0646\u0629 \u0648\u062d\u0642\u0648\u0642 \u0627\u0644\u0625\u0646\u0633\u0627\u0646 \u0648\u0627\u0644\u0633\u064a\u0627\u0633\u0629 \u0648\u0627\u0644\u0645\u0642\u0627\u0648\u0644\u0629 \u0627\u0644\u0646\u0633\u0648\u064a\u0629.[\/vc_column_text][vc_empty_space][vc_empty_space][\/vc_column][\/vc_row]\" \/>\n<meta property=\"og:url\" content=\"https:\/\/armcdh.ma\/ar\/notre-equipe\/yasmine-bahammou\/\" \/>\n<meta property=\"og:site_name\" content=\"ARMCDH\" \/>\n<meta property=\"article:modified_time\" content=\"2023-09-15T21:54:53+00:00\" \/>\n<meta name=\"twitter:card\" content=\"summary_large_image\" \/>\n<meta name=\"twitter:label1\" content=\"\u0648\u0642\u062a \u0627\u0644\u0642\u0631\u0627\u0621\u0629 \u0627\u0644\u0645\u064f\u0642\u062f\u0651\u0631\" \/>\n\t<meta name=\"twitter:data1\" content=\"1 \u062f\u0642\u064a\u0642\u0629\" \/>\n<script type=\"application\/ld+json\" class=\"yoast-schema-graph\">{\"@context\":\"https:\/\/schema.org\",\"@graph\":[{\"@type\":\"WebPage\",\"@id\":\"https:\/\/armcdh.ma\/ar\/notre-equipe\/yasmine-bahammou\/\",\"url\":\"https:\/\/armcdh.ma\/ar\/notre-equipe\/yasmine-bahammou\/\",\"name\":\"\u064a\u0627\u0633\u0645\u064a\u0646 \u0628\u0627\u0647\u0627\u0645\u0648 - ARMCDH\",\"isPartOf\":{\"@id\":\"https:\/\/armcdh.ma\/ar\/#website\"},\"datePublished\":\"2022-05-17T22:36:57+00:00\",\"dateModified\":\"2023-09-15T21:54:53+00:00\",\"breadcrumb\":{\"@id\":\"https:\/\/armcdh.ma\/ar\/notre-equipe\/yasmine-bahammou\/#breadcrumb\"},\"inLanguage\":\"ar\",\"potentialAction\":[{\"@type\":\"ReadAction\",\"target\":[\"https:\/\/armcdh.ma\/ar\/notre-equipe\/yasmine-bahammou\/\"]}]},{\"@type\":\"BreadcrumbList\",\"@id\":\"https:\/\/armcdh.ma\/ar\/notre-equipe\/yasmine-bahammou\/#breadcrumb\",\"itemListElement\":[{\"@type\":\"ListItem\",\"position\":1,\"name\":\"Accueil\",\"item\":\"https:\/\/armcdh.ma\/ar\/\"},{\"@type\":\"ListItem\",\"position\":2,\"name\":\"\u0641\u0631\u064a\u0642 \u0627\u0644\u0639\u0645\u0644\",\"item\":\"https:\/\/armcdh.ma\/ar\/notre-equipe\/\"},{\"@type\":\"ListItem\",\"position\":3,\"name\":\"\u064a\u0627\u0633\u0645\u064a\u0646 \u0628\u0627\u0647\u0627\u0645\u0648\"}]},{\"@type\":\"WebSite\",\"@id\":\"https:\/\/armcdh.ma\/ar\/#website\",\"url\":\"https:\/\/armcdh.ma\/ar\/\",\"name\":\"ARMCDH\",\"description\":\"L\u2019Association des Rencontres M\u00e9diterran\u00e9ennes du Cin\u00e9ma et des droits de l\u2019Homme,\",\"publisher\":{\"@id\":\"https:\/\/armcdh.ma\/ar\/#organization\"},\"potentialAction\":[{\"@type\":\"SearchAction\",\"target\":{\"@type\":\"EntryPoint\",\"urlTemplate\":\"https:\/\/armcdh.ma\/ar\/?s={search_term_string}\"},\"query-input\":{\"@type\":\"PropertyValueSpecification\",\"valueRequired\":true,\"valueName\":\"search_term_string\"}}],\"inLanguage\":\"ar\"},{\"@type\":\"Organization\",\"@id\":\"https:\/\/armcdh.ma\/ar\/#organization\",\"name\":\"ARMCDH : Association des Rencontres M\u00e9diterran\u00e9ennes du Cin\u00e9ma et des droits de l\u2019Homme\",\"url\":\"https:\/\/armcdh.ma\/ar\/\",\"logo\":{\"@type\":\"ImageObject\",\"inLanguage\":\"ar\",\"@id\":\"https:\/\/armcdh.ma\/ar\/#\/schema\/logo\/image\/\",\"url\":\"https:\/\/armcdh.ma\/wp-content\/uploads\/2021\/01\/logo-armcdh-noir.png\",\"contentUrl\":\"https:\/\/armcdh.ma\/wp-content\/uploads\/2021\/01\/logo-armcdh-noir.png\",\"width\":300,\"height\":94,\"caption\":\"ARMCDH : Association des Rencontres M\u00e9diterran\u00e9ennes du Cin\u00e9ma et des droits de l\u2019Homme\"},\"image\":{\"@id\":\"https:\/\/armcdh.ma\/ar\/#\/schema\/logo\/image\/\"}}]}<\/script>\n<!-- \/ Yoast SEO plugin. -->","yoast_head_json":{"title":"\u064a\u0627\u0633\u0645\u064a\u0646 \u0628\u0627\u0647\u0627\u0645\u0648 - ARMCDH","robots":{"index":"index","follow":"follow","max-snippet":"max-snippet:-1","max-image-preview":"max-image-preview:large","max-video-preview":"max-video-preview:-1"},"canonical":"https:\/\/armcdh.ma\/ar\/notre-equipe\/yasmine-bahammou\/","og_locale":"ar_AR","og_type":"article","og_title":"\u064a\u0627\u0633\u0645\u064a\u0646 \u0628\u0627\u0647\u0627\u0645\u0648 - ARMCDH","og_description":"[vc_row content_width=&#8221;grid&#8221; content_aligment=&#8221;center&#8221;][vc_column][vc_empty_space][vc_single_image image=&#8221;8302&#8243; img_size=&#8221;&#8221; alignment=&#8221;center&#8221;][vc_empty_space][vc_column_text]\u062d\u0627\u0635\u0644\u0629 \u0639\u0644\u0649 \u0645\u0627\u0633\u062a\u0631 \u0641\u064a \u0645\u062c\u0627\u0644 \u0639\u0644\u0648\u0645 \u0627\u0644\u062a\u0633\u064a\u064a\u0631 \u0645\u0646 \u062c\u0627\u0645\u0639\u0629 \u0645\u062d\u0645\u062f \u0627\u0644\u062e\u0627\u0645\u0633 \u0628\u0627\u0644\u0631\u0628\u0627\u0637\u060c \u0648\u0647\u064a \u0645\u0642\u0627\u0648\u0644\u0629 \u0634\u0627\u0628\u0629 \u062a\u0647\u062a\u0645 \u0628\u0645\u0648\u0627\u0636\u064a\u0639 \u0627\u0644\u062a\u0631\u0628\u064a\u0629 \u0639\u0644\u0649 \u0627\u0644\u0645\u0648\u0627\u0637\u0646\u0629 \u0648\u062d\u0642\u0648\u0642 \u0627\u0644\u0625\u0646\u0633\u0627\u0646 \u0648\u0627\u0644\u0633\u064a\u0627\u0633\u0629 \u0648\u0627\u0644\u0645\u0642\u0627\u0648\u0644\u0629 \u0627\u0644\u0646\u0633\u0648\u064a\u0629.[\/vc_column_text][vc_empty_space][vc_empty_space][\/vc_column][\/vc_row]","og_url":"https:\/\/armcdh.ma\/ar\/notre-equipe\/yasmine-bahammou\/","og_site_name":"ARMCDH","article_modified_time":"2023-09-15T21:54:53+00:00","twitter_card":"summary_large_image","twitter_misc":{"\u0648\u0642\u062a \u0627\u0644\u0642\u0631\u0627\u0621\u0629 \u0627\u0644\u0645\u064f\u0642\u062f\u0651\u0631":"1 \u062f\u0642\u064a\u0642\u0629"},"schema":{"@context":"https:\/\/schema.org","@graph":[{"@type":"WebPage","@id":"https:\/\/armcdh.ma\/ar\/notre-equipe\/yasmine-bahammou\/","url":"https:\/\/armcdh.ma\/ar\/notre-equipe\/yasmine-bahammou\/","name":"\u064a\u0627\u0633\u0645\u064a\u0646 \u0628\u0627\u0647\u0627\u0645\u0648 - ARMCDH","isPartOf":{"@id":"https:\/\/armcdh.ma\/ar\/#website"},"datePublished":"2022-05-17T22:36:57+00:00","dateModified":"2023-09-15T21:54:53+00:00","breadcrumb":{"@id":"https:\/\/armcdh.ma\/ar\/notre-equipe\/yasmine-bahammou\/#breadcrumb"},"inLanguage":"ar","potentialAction":[{"@type":"ReadAction","target":["https:\/\/armcdh.ma\/ar\/notre-equipe\/yasmine-bahammou\/"]}]},{"@type":"BreadcrumbList","@id":"https:\/\/armcdh.ma\/ar\/notre-equipe\/yasmine-bahammou\/#breadcrumb","itemListElement":[{"@type":"ListItem","position":1,"name":"Accueil","item":"https:\/\/armcdh.ma\/ar\/"},{"@type":"ListItem","position":2,"name":"\u0641\u0631\u064a\u0642 \u0627\u0644\u0639\u0645\u0644","item":"https:\/\/armcdh.ma\/ar\/notre-equipe\/"},{"@type":"ListItem","position":3,"name":"\u064a\u0627\u0633\u0645\u064a\u0646 \u0628\u0627\u0647\u0627\u0645\u0648"}]},{"@type":"WebSite","@id":"https:\/\/armcdh.ma\/ar\/#website","url":"https:\/\/armcdh.ma\/ar\/","name":"ARMCDH","description":"L\u2019Association des Rencontres M\u00e9diterran\u00e9ennes du Cin\u00e9ma et des droits de l\u2019Homme,","publisher":{"@id":"https:\/\/armcdh.ma\/ar\/#organization"},"potentialAction":[{"@type":"SearchAction","target":{"@type":"EntryPoint","urlTemplate":"https:\/\/armcdh.ma\/ar\/?s={search_term_string}"},"query-input":{"@type":"PropertyValueSpecification","valueRequired":true,"valueName":"search_term_string"}}],"inLanguage":"ar"},{"@type":"Organization","@id":"https:\/\/armcdh.ma\/ar\/#organization","name":"ARMCDH : Association des Rencontres M\u00e9diterran\u00e9ennes du Cin\u00e9ma et des droits de l\u2019Homme","url":"https:\/\/armcdh.ma\/ar\/","logo":{"@type":"ImageObject","inLanguage":"ar","@id":"https:\/\/armcdh.ma\/ar\/#\/schema\/logo\/image\/","url":"https:\/\/armcdh.ma\/wp-content\/uploads\/2021\/01\/logo-armcdh-noir.png","contentUrl":"https:\/\/armcdh.ma\/wp-content\/uploads\/2021\/01\/logo-armcdh-noir.png","width":300,"height":94,"caption":"ARMCDH : Association des Rencontres M\u00e9diterran\u00e9ennes du Cin\u00e9ma et des droits de l\u2019Homme"},"image":{"@id":"https:\/\/armcdh.ma\/ar\/#\/schema\/logo\/image\/"}}]}},"_links":{"self":[{"href":"https:\/\/armcdh.ma\/ar\/wp-json\/wp\/v2\/pages\/8370","targetHints":{"allow":["GET"]}}],"collection":[{"href":"https:\/\/armcdh.ma\/ar\/wp-json\/wp\/v2\/pages"}],"about":[{"href":"https:\/\/armcdh.ma\/ar\/wp-json\/wp\/v2\/types\/page"}],"author":[{"embeddable":true,"href":"https:\/\/armcdh.ma\/ar\/wp-json\/wp\/v2\/users\/1"}],"replies":[{"embeddable":true,"href":"https:\/\/armcdh.ma\/ar\/wp-json\/wp\/v2\/comments?post=8370"}],"version-history":[{"count":0,"href":"https:\/\/armcdh.ma\/ar\/wp-json\/wp\/v2\/pages\/8370\/revisions"}],"up":[{"embeddable":true,"href":"https:\/\/armcdh.ma\/ar\/wp-json\/wp\/v2\/pages\/8350"}],"wp:attachment":[{"href":"https:\/\/armcdh.ma\/ar\/wp-json\/wp\/v2\/media?parent=8370"}],"curies":[{"name":"wp","href":"https:\/\/api.w.org\/{rel}","templated":true}]}}