{"id":8400,"date":"2021-11-26T22:23:49","date_gmt":"2021-11-26T21:23:49","guid":{"rendered":"https:\/\/armcdh.ma\/cookies\/"},"modified":"2021-11-26T22:23:49","modified_gmt":"2021-11-26T21:23:49","slug":"cookies","status":"publish","type":"page","link":"https:\/\/armcdh.ma\/ar\/cookies\/","title":{"rendered":"Cookies"},"content":{"rendered":"<h1>Informations sur les cookies<\/h1>\n<h2>Qu&#8217;est-ce qu&#8217;un cookie ?<\/h2>\n<p>Un cookie est un fichier texte d\u00e9pos\u00e9 sur votre ordinateur lors de la visite d&#8217;un site ou de la consultation d&#8217;une publicit\u00e9. Il a pour but de collecter des informations relatives \u00e0 votre navigation et de vous adresser des services adapt\u00e9s \u00e0 votre terminal (ordinateur, mobile ou tablette). Il vous aide \u00e9galement \u00e0 am\u00e9liorer la mani\u00e8re dont vous profitez du site Internet et permet de s&#8217;assurer que les publicit\u00e9s et offres que vous voyez en ligne vous correspondent au mieux. Les cookies sont g\u00e9r\u00e9s par votre navigateur internet.<\/p>\n<h2>Comment puis-je d\u00e9sactiver les cookies ?<\/h2>\n<p>Vous pouvez param\u00e9trer votre navigateur Internet pour d\u00e9sactiver les cookies. Notez toutefois que si vous d\u00e9sactivez les cookies vous ne pourrez pas profiter d&#8217;une partie de nos services. Afin de g\u00e9rer les cookies au plus pr\u00e8s de vos attentes nous vous invitons \u00e0 param\u00e9trer votre navigateur en tenant compte de la finalit\u00e9 des cookies.<\/p>\n<h3>Internet Explorer<\/h3>\n<p>Dans Internet Explorer, cliquez sur le bouton Outils, puis sur Options Internet.<br \/>\nSous l&#8217;onglet G\u00e9n\u00e9ral, sous Historique de navigation, cliquez sur Param\u00e8tres.<br \/>\nCliquez sur le bouton Afficher les fichiers.<\/p>\n<h3>Firefox<\/h3>\n<p>Allez dans l&#8217;onglet Outils du navigateur puis s\u00e9lectionnez le menu Options<br \/>\nDans la fen\u00eatre qui s&#8217;affiche, choisissez Vie priv\u00e9e et cliquez sur Affichez les cookies<\/p>\n<h3>Safari<\/h3>\n<p>Dans votre navigateur, choisissez le menu \u00c9dition &gt; Pr\u00e9f\u00e9rences.<br \/>\nCliquez sur S\u00e9curit\u00e9.<br \/>\nCliquez sur Afficher les cookies.<\/p>\n<h3>Google Chrome<\/h3>\n<p>Cliquez sur l&#8217;ic\u00f4ne du menu Outils.<br \/>\nS\u00e9lectionnez Options.<br \/>\nCliquez sur l&#8217;onglet Options avanc\u00e9es et acc\u00e9dez \u00e0 la section Confidentialit\u00e9.<br \/>\nCliquez sur le bouton Afficher les cookies.<\/p>\n<h2>Pourquoi le site Pyxicom utilise des cookies ?<\/h2>\n<p>Le site Pyxicom utilise des cookies pour vous fournir une exp\u00e9rience utilisateur optimale et adapt\u00e9e \u00e0 vos pr\u00e9f\u00e9rences personnelles. En utilisant les cookies, Le site Pyxicom fait en sorte que vous n\u2019ayez pas \u00e0 saisir les m\u00eames informations \u00e0 chaque fois que vous visitez notre site Internet. Les cookies sont \u00e9galement utilis\u00e9s pour optimiser la performance du site. A titre d\u2019exemple, ils facilitent votre navigation et vous aident \u00e0 trouver un contenu sp\u00e9cifique plus rapidement.<\/p>\n<p><strong>Type de cookies pr\u00e9sent sur le site ?<\/strong><\/p>\n<p><strong>1\u00e8re cat\u00e9gorie : Les cookies que nous \u00e9mettons :<\/strong><\/p>\n<p><strong>Les cookies strictement n\u00e9cessaires :<\/strong><\/p>\n<p>Certaines donn\u00e9es de navigation doivent l\u00e9galement \u00eatre conserv\u00e9es pour nous permettre d&#8217;assurer la s\u00e9curit\u00e9 de nos services de communication \u00e9lectronique.<\/p>\n<h3>Les cookies de performance :<\/h3>\n<p>Ces cookies sont pos\u00e9s par le site sur lequel se rend l&#8217;internaute, ce qu&#8217;on appelle aussi un cookie d&#8217;origine ou cookie de domaine. Ils permettent de suivre l&#8217;activit\u00e9 de l&#8217;internaute sur le site.<\/p>\n<p>Ces cookies permettent de collecter des informations sur la mani\u00e8re dont les gens internautes utilisent le Site Internet puis ces donn\u00e9es sont fusionn\u00e9es avec celles d&#8217;autres utilisateurs pour nous permettre d&#8217;am\u00e9liorer le fonctionnement du Site Internet.<\/p>\n<p>Par exemple, nous utilisons les cookies de Google Analytics et At-Internet pour nous aider \u00e0 comprendre comment les consommateurs arrivent sur notre Site Internet, surfent ou utilisent le Site Internet et pour mettre en lumi\u00e8re les zones dans lesquelles nous pouvons am\u00e9liorer notre service au client. Les donn\u00e9es conserv\u00e9es par ces cookies ne comprennent jamais les d\u00e9tails des donn\u00e9es personnelles \u00e0 partir desquelles votre identit\u00e9 peut \u00eatre \u00e9tablie.<\/p>\n","protected":false},"excerpt":{"rendered":"<p>Informations sur les cookies Qu&#8217;est-ce qu&#8217;un cookie ? Un cookie est un fichier texte d\u00e9pos\u00e9 sur votre ordinateur lors de la visite d&#8217;un site ou de la consultation d&#8217;une publicit\u00e9. Il a pour but de collecter des informations relatives \u00e0 votre navigation et de vous&#8230;<\/p>\n","protected":false},"author":1,"featured_media":0,"parent":0,"menu_order":0,"comment_status":"closed","ping_status":"closed","template":"","meta":{"_acf_changed":false,"footnotes":""},"class_list":["post-8400","page","type-page","status-publish","hentry"],"acf":[],"yoast_head":"<!-- This site is optimized with the Yoast SEO plugin v26.2 - https:\/\/yoast.com\/wordpress\/plugins\/seo\/ -->\n<title>Cookies - ARMCDH<\/title>\n<meta name=\"robots\" content=\"index, follow, max-snippet:-1, max-image-preview:large, max-video-preview:-1\" \/>\n<link rel=\"canonical\" href=\"https:\/\/armcdh.ma\/ar\/cookies\/\" \/>\n<meta property=\"og:locale\" content=\"ar_AR\" \/>\n<meta property=\"og:type\" content=\"article\" \/>\n<meta property=\"og:title\" content=\"Cookies - ARMCDH\" \/>\n<meta property=\"og:description\" content=\"Informations sur les cookies Qu&#8217;est-ce qu&#8217;un cookie ? Un cookie est un fichier texte d\u00e9pos\u00e9 sur votre ordinateur lors de la visite d&#8217;un site ou de la consultation d&#8217;une publicit\u00e9. Il a pour but de collecter des informations relatives \u00e0 votre navigation et de vous...\" \/>\n<meta property=\"og:url\" content=\"https:\/\/armcdh.ma\/ar\/cookies\/\" \/>\n<meta property=\"og:site_name\" content=\"ARMCDH\" \/>\n<meta name=\"twitter:card\" content=\"summary_large_image\" \/>\n<meta name=\"twitter:label1\" content=\"\u0648\u0642\u062a \u0627\u0644\u0642\u0631\u0627\u0621\u0629 \u0627\u0644\u0645\u064f\u0642\u062f\u0651\u0631\" \/>\n\t<meta name=\"twitter:data1\" content=\"3 \u062f\u0642\u0627\u0626\u0642\" \/>\n<script type=\"application\/ld+json\" class=\"yoast-schema-graph\">{\"@context\":\"https:\/\/schema.org\",\"@graph\":[{\"@type\":\"WebPage\",\"@id\":\"https:\/\/armcdh.ma\/ar\/cookies\/\",\"url\":\"https:\/\/armcdh.ma\/ar\/cookies\/\",\"name\":\"Cookies - ARMCDH\",\"isPartOf\":{\"@id\":\"https:\/\/armcdh.ma\/ar\/#website\"},\"datePublished\":\"2021-11-26T21:23:49+00:00\",\"breadcrumb\":{\"@id\":\"https:\/\/armcdh.ma\/ar\/cookies\/#breadcrumb\"},\"inLanguage\":\"ar\",\"potentialAction\":[{\"@type\":\"ReadAction\",\"target\":[\"https:\/\/armcdh.ma\/ar\/cookies\/\"]}]},{\"@type\":\"BreadcrumbList\",\"@id\":\"https:\/\/armcdh.ma\/ar\/cookies\/#breadcrumb\",\"itemListElement\":[{\"@type\":\"ListItem\",\"position\":1,\"name\":\"Accueil\",\"item\":\"https:\/\/armcdh.ma\/ar\/\"},{\"@type\":\"ListItem\",\"position\":2,\"name\":\"Cookies\"}]},{\"@type\":\"WebSite\",\"@id\":\"https:\/\/armcdh.ma\/ar\/#website\",\"url\":\"https:\/\/armcdh.ma\/ar\/\",\"name\":\"ARMCDH\",\"description\":\"L\u2019Association des Rencontres M\u00e9diterran\u00e9ennes du Cin\u00e9ma et des droits de l\u2019Homme,\",\"publisher\":{\"@id\":\"https:\/\/armcdh.ma\/ar\/#organization\"},\"potentialAction\":[{\"@type\":\"SearchAction\",\"target\":{\"@type\":\"EntryPoint\",\"urlTemplate\":\"https:\/\/armcdh.ma\/ar\/?s={search_term_string}\"},\"query-input\":{\"@type\":\"PropertyValueSpecification\",\"valueRequired\":true,\"valueName\":\"search_term_string\"}}],\"inLanguage\":\"ar\"},{\"@type\":\"Organization\",\"@id\":\"https:\/\/armcdh.ma\/ar\/#organization\",\"name\":\"ARMCDH : Association des Rencontres M\u00e9diterran\u00e9ennes du Cin\u00e9ma et des droits de l\u2019Homme\",\"url\":\"https:\/\/armcdh.ma\/ar\/\",\"logo\":{\"@type\":\"ImageObject\",\"inLanguage\":\"ar\",\"@id\":\"https:\/\/armcdh.ma\/ar\/#\/schema\/logo\/image\/\",\"url\":\"https:\/\/armcdh.ma\/wp-content\/uploads\/2021\/01\/logo-armcdh-noir.png\",\"contentUrl\":\"https:\/\/armcdh.ma\/wp-content\/uploads\/2021\/01\/logo-armcdh-noir.png\",\"width\":300,\"height\":94,\"caption\":\"ARMCDH : Association des Rencontres M\u00e9diterran\u00e9ennes du Cin\u00e9ma et des droits de l\u2019Homme\"},\"image\":{\"@id\":\"https:\/\/armcdh.ma\/ar\/#\/schema\/logo\/image\/\"}}]}<\/script>\n<!-- \/ Yoast SEO plugin. -->","yoast_head_json":{"title":"Cookies - ARMCDH","robots":{"index":"index","follow":"follow","max-snippet":"max-snippet:-1","max-image-preview":"max-image-preview:large","max-video-preview":"max-video-preview:-1"},"canonical":"https:\/\/armcdh.ma\/ar\/cookies\/","og_locale":"ar_AR","og_type":"article","og_title":"Cookies - ARMCDH","og_description":"Informations sur les cookies Qu&#8217;est-ce qu&#8217;un cookie ? Un cookie est un fichier texte d\u00e9pos\u00e9 sur votre ordinateur lors de la visite d&#8217;un site ou de la consultation d&#8217;une publicit\u00e9. Il a pour but de collecter des informations relatives \u00e0 votre navigation et de vous...","og_url":"https:\/\/armcdh.ma\/ar\/cookies\/","og_site_name":"ARMCDH","twitter_card":"summary_large_image","twitter_misc":{"\u0648\u0642\u062a \u0627\u0644\u0642\u0631\u0627\u0621\u0629 \u0627\u0644\u0645\u064f\u0642\u062f\u0651\u0631":"3 \u062f\u0642\u0627\u0626\u0642"},"schema":{"@context":"https:\/\/schema.org","@graph":[{"@type":"WebPage","@id":"https:\/\/armcdh.ma\/ar\/cookies\/","url":"https:\/\/armcdh.ma\/ar\/cookies\/","name":"Cookies - ARMCDH","isPartOf":{"@id":"https:\/\/armcdh.ma\/ar\/#website"},"datePublished":"2021-11-26T21:23:49+00:00","breadcrumb":{"@id":"https:\/\/armcdh.ma\/ar\/cookies\/#breadcrumb"},"inLanguage":"ar","potentialAction":[{"@type":"ReadAction","target":["https:\/\/armcdh.ma\/ar\/cookies\/"]}]},{"@type":"BreadcrumbList","@id":"https:\/\/armcdh.ma\/ar\/cookies\/#breadcrumb","itemListElement":[{"@type":"ListItem","position":1,"name":"Accueil","item":"https:\/\/armcdh.ma\/ar\/"},{"@type":"ListItem","position":2,"name":"Cookies"}]},{"@type":"WebSite","@id":"https:\/\/armcdh.ma\/ar\/#website","url":"https:\/\/armcdh.ma\/ar\/","name":"ARMCDH","description":"L\u2019Association des Rencontres M\u00e9diterran\u00e9ennes du Cin\u00e9ma et des droits de l\u2019Homme,","publisher":{"@id":"https:\/\/armcdh.ma\/ar\/#organization"},"potentialAction":[{"@type":"SearchAction","target":{"@type":"EntryPoint","urlTemplate":"https:\/\/armcdh.ma\/ar\/?s={search_term_string}"},"query-input":{"@type":"PropertyValueSpecification","valueRequired":true,"valueName":"search_term_string"}}],"inLanguage":"ar"},{"@type":"Organization","@id":"https:\/\/armcdh.ma\/ar\/#organization","name":"ARMCDH : Association des Rencontres M\u00e9diterran\u00e9ennes du Cin\u00e9ma et des droits de l\u2019Homme","url":"https:\/\/armcdh.ma\/ar\/","logo":{"@type":"ImageObject","inLanguage":"ar","@id":"https:\/\/armcdh.ma\/ar\/#\/schema\/logo\/image\/","url":"https:\/\/armcdh.ma\/wp-content\/uploads\/2021\/01\/logo-armcdh-noir.png","contentUrl":"https:\/\/armcdh.ma\/wp-content\/uploads\/2021\/01\/logo-armcdh-noir.png","width":300,"height":94,"caption":"ARMCDH : Association des Rencontres M\u00e9diterran\u00e9ennes du Cin\u00e9ma et des droits de l\u2019Homme"},"image":{"@id":"https:\/\/armcdh.ma\/ar\/#\/schema\/logo\/image\/"}}]}},"_links":{"self":[{"href":"https:\/\/armcdh.ma\/ar\/wp-json\/wp\/v2\/pages\/8400","targetHints":{"allow":["GET"]}}],"collection":[{"href":"https:\/\/armcdh.ma\/ar\/wp-json\/wp\/v2\/pages"}],"about":[{"href":"https:\/\/armcdh.ma\/ar\/wp-json\/wp\/v2\/types\/page"}],"author":[{"embeddable":true,"href":"https:\/\/armcdh.ma\/ar\/wp-json\/wp\/v2\/users\/1"}],"replies":[{"embeddable":true,"href":"https:\/\/armcdh.ma\/ar\/wp-json\/wp\/v2\/comments?post=8400"}],"version-history":[{"count":0,"href":"https:\/\/armcdh.ma\/ar\/wp-json\/wp\/v2\/pages\/8400\/revisions"}],"wp:attachment":[{"href":"https:\/\/armcdh.ma\/ar\/wp-json\/wp\/v2\/media?parent=8400"}],"curies":[{"name":"wp","href":"https:\/\/api.w.org\/{rel}","templated":true}]}}