{"id":8403,"date":"2021-01-27T21:34:47","date_gmt":"2021-01-27T20:34:47","guid":{"rendered":"https:\/\/armcdh.ma\/films-2\/"},"modified":"2023-09-15T15:57:28","modified_gmt":"2023-09-15T13:57:28","slug":"les-films","status":"publish","type":"page","link":"https:\/\/armcdh.ma\/ar\/les-films\/","title":{"rendered":"\u0623\u0641\u0644\u0627\u0645"},"content":{"rendered":"<p>[vc_row][vc_column]<div class = \"edgtf-portfolio-list-holder-outer edgtf-ptf-standard edgtf-ptf-space-medium edgtf-ptf-three-columns edgtf-ptf-load-more edgtf-ptf-show-more edgtf-ptf-has-filter\" data-next-page= \"2\" data-type= \"standard\" data-columns= \"3\" data-grid-size= \"three\" data-order-by= \"title\" data-order= \"DESC\" data-number= \"9\" data-image-size= \"full\" data-hover-type= \"zoom-out-simple\" data-filter= \"yes\" data-filter-order-by= \"name\" data-selected-projects= \"4613,4612,4572,4576,4578,4579,4581,4580,4577,4572,4590,4615,4694,4698\" data-show-more= \"load_more\" data-title-tag= \"h5\" data-max-num-pages = 0><div class = \"edgtf-portfolio-filter-holder \">\n\t<div class = \"edgtf-portfolio-filter-holder-inner\">\n\t\t\t\t<ul>\n\t\t\t\t\t\t\t<li data-class=\"filter_2108365544\" class=\"filter_2108365544\" data-filter=\"all\"><span>All<\/span><\/li>\n\t\t\t\t\t\t\t\t\t\t\t<li data-class=\"filter_2108365544\" class=\"filter_2108365544\" data-filter = \".portfolio_category_204\">\n\t\t\t\t\t<span>\n\t\t\t\t\t\t\u0641\u064a\u0644\u0645 \u0631\u0633\u0648\u0645 \u0645\u062a\u062d\u0631\u0643\u0629\t\t\t\t\t<\/span>\n\t\t\t\t<\/li>\n\t\t\t\t\t\t\t\t<li data-class=\"filter_2108365544\" class=\"filter_2108365544\" data-filter = \".portfolio_category_205\">\n\t\t\t\t\t<span>\n\t\t\t\t\t\t\u0648\u062b\u0627\u0626\u0642\u064a\t\t\t\t\t<\/span>\n\t\t\t\t<\/li>\n\t\t\t\t\t<\/ul> \n\t\t\t<\/div>\t\t\n<\/div>\n\n<input id=\"searchbar\" onkeyup=\"search_animal()\" type=\"text\"\n        name=\"search\" placeholder=\"Cherchez par mots cl\u00e9s..\"> \n       \n    \n    \n    <style>\n        #searchbar{ \n     margin-left: 15%; \n     padding:15px; \n     border-radius: 10px; \n         padding: 15px;\n    border-radius: 10px;\n    margin: 0 auto;\n    margin-bottom: 50px;\n    width: 400px;\n    background-color: unset;\n    display: block;\n    border-color: #991519;\n   } \n \n   #searchbar input[type=text] { \n      width: 30%; \n      -webkit-transition: width 0.15s ease-in-out; \n      transition: width 0.15s ease-in-out; \n   } \n \n   \/* When the input field gets focus, \n        change its width to 100% *\/\n  #searchbar input[type=text]:focus { \n     width: 70%; \n   } \n \n  #list{ \n    font-size:  1.5em; \n    margin-left: 90px; \n   } \n \n.animals{ \n   display: list-item;     \n  }  \n \n\n        \n    <\/style><div class = \"edgtf-portfolio-list-holder clearfix\" ><p>Sorry, no posts matched your criteria.<\/p><div class='edgtf-portfolio-gap'><\/div>\n<div class='edgtf-portfolio-gap'><\/div>\n<div class='edgtf-portfolio-gap'><\/div>\n<\/div><\/div>[\/vc_column][\/vc_row]<\/p>\n","protected":false},"excerpt":{"rendered":"<p>[vc_row][vc_column][\/vc_column][\/vc_row]<\/p>\n","protected":false},"author":1,"featured_media":0,"parent":0,"menu_order":0,"comment_status":"closed","ping_status":"closed","template":"films.php","meta":{"_acf_changed":false,"footnotes":""},"class_list":["post-8403","page","type-page","status-publish","hentry"],"acf":[],"yoast_head":"<!-- This site is optimized with the Yoast SEO plugin v27.5 - https:\/\/yoast.com\/product\/yoast-seo-wordpress\/ -->\n<title>\u0623\u0641\u0644\u0627\u0645 - ARMCDH<\/title>\n<meta name=\"robots\" content=\"index, follow, max-snippet:-1, max-image-preview:large, max-video-preview:-1\" \/>\n<link rel=\"canonical\" href=\"https:\/\/armcdh.ma\/ar\/les-films\/\" \/>\n<meta property=\"og:locale\" content=\"ar_AR\" \/>\n<meta property=\"og:type\" content=\"article\" \/>\n<meta property=\"og:title\" content=\"\u0623\u0641\u0644\u0627\u0645 - ARMCDH\" \/>\n<meta property=\"og:description\" content=\"[vc_row][vc_column][\/vc_column][\/vc_row]\" \/>\n<meta property=\"og:url\" content=\"https:\/\/armcdh.ma\/ar\/les-films\/\" \/>\n<meta property=\"og:site_name\" content=\"ARMCDH\" \/>\n<meta property=\"article:modified_time\" content=\"2023-09-15T13:57:28+00:00\" \/>\n<meta name=\"twitter:card\" content=\"summary_large_image\" \/>\n<meta name=\"twitter:label1\" content=\"\u0648\u0642\u062a \u0627\u0644\u0642\u0631\u0627\u0621\u0629 \u0627\u0644\u0645\u064f\u0642\u062f\u0651\u0631\" \/>\n\t<meta name=\"twitter:data1\" content=\"1 \u062f\u0642\u064a\u0642\u0629\" \/>\n<script type=\"application\/ld+json\" class=\"yoast-schema-graph\">{\"@context\":\"https:\\\/\\\/schema.org\",\"@graph\":[{\"@type\":\"WebPage\",\"@id\":\"https:\\\/\\\/armcdh.ma\\\/ar\\\/les-films\\\/\",\"url\":\"https:\\\/\\\/armcdh.ma\\\/ar\\\/les-films\\\/\",\"name\":\"\u0623\u0641\u0644\u0627\u0645 - ARMCDH\",\"isPartOf\":{\"@id\":\"https:\\\/\\\/armcdh.ma\\\/ar\\\/#website\"},\"datePublished\":\"2021-01-27T20:34:47+00:00\",\"dateModified\":\"2023-09-15T13:57:28+00:00\",\"breadcrumb\":{\"@id\":\"https:\\\/\\\/armcdh.ma\\\/ar\\\/les-films\\\/#breadcrumb\"},\"inLanguage\":\"ar\",\"potentialAction\":[{\"@type\":\"ReadAction\",\"target\":[\"https:\\\/\\\/armcdh.ma\\\/ar\\\/les-films\\\/\"]}]},{\"@type\":\"BreadcrumbList\",\"@id\":\"https:\\\/\\\/armcdh.ma\\\/ar\\\/les-films\\\/#breadcrumb\",\"itemListElement\":[{\"@type\":\"ListItem\",\"position\":1,\"name\":\"Accueil\",\"item\":\"https:\\\/\\\/armcdh.ma\\\/ar\\\/\"},{\"@type\":\"ListItem\",\"position\":2,\"name\":\"\u0623\u0641\u0644\u0627\u0645\"}]},{\"@type\":\"WebSite\",\"@id\":\"https:\\\/\\\/armcdh.ma\\\/ar\\\/#website\",\"url\":\"https:\\\/\\\/armcdh.ma\\\/ar\\\/\",\"name\":\"ARMCDH\",\"description\":\"L\u2019Association des Rencontres M\u00e9diterran\u00e9ennes du Cin\u00e9ma et des droits de l\u2019Homme,\",\"publisher\":{\"@id\":\"https:\\\/\\\/armcdh.ma\\\/ar\\\/#organization\"},\"potentialAction\":[{\"@type\":\"SearchAction\",\"target\":{\"@type\":\"EntryPoint\",\"urlTemplate\":\"https:\\\/\\\/armcdh.ma\\\/ar\\\/?s={search_term_string}\"},\"query-input\":{\"@type\":\"PropertyValueSpecification\",\"valueRequired\":true,\"valueName\":\"search_term_string\"}}],\"inLanguage\":\"ar\"},{\"@type\":\"Organization\",\"@id\":\"https:\\\/\\\/armcdh.ma\\\/ar\\\/#organization\",\"name\":\"ARMCDH : Association des Rencontres M\u00e9diterran\u00e9ennes du Cin\u00e9ma et des droits de l\u2019Homme\",\"url\":\"https:\\\/\\\/armcdh.ma\\\/ar\\\/\",\"logo\":{\"@type\":\"ImageObject\",\"inLanguage\":\"ar\",\"@id\":\"https:\\\/\\\/armcdh.ma\\\/ar\\\/#\\\/schema\\\/logo\\\/image\\\/\",\"url\":\"https:\\\/\\\/armcdh.ma\\\/wp-content\\\/uploads\\\/2021\\\/01\\\/logo-armcdh-noir.png\",\"contentUrl\":\"https:\\\/\\\/armcdh.ma\\\/wp-content\\\/uploads\\\/2021\\\/01\\\/logo-armcdh-noir.png\",\"width\":300,\"height\":94,\"caption\":\"ARMCDH : Association des Rencontres M\u00e9diterran\u00e9ennes du Cin\u00e9ma et des droits de l\u2019Homme\"},\"image\":{\"@id\":\"https:\\\/\\\/armcdh.ma\\\/ar\\\/#\\\/schema\\\/logo\\\/image\\\/\"}}]}<\/script>\n<!-- \/ Yoast SEO plugin. -->","yoast_head_json":{"title":"\u0623\u0641\u0644\u0627\u0645 - ARMCDH","robots":{"index":"index","follow":"follow","max-snippet":"max-snippet:-1","max-image-preview":"max-image-preview:large","max-video-preview":"max-video-preview:-1"},"canonical":"https:\/\/armcdh.ma\/ar\/les-films\/","og_locale":"ar_AR","og_type":"article","og_title":"\u0623\u0641\u0644\u0627\u0645 - ARMCDH","og_description":"[vc_row][vc_column][\/vc_column][\/vc_row]","og_url":"https:\/\/armcdh.ma\/ar\/les-films\/","og_site_name":"ARMCDH","article_modified_time":"2023-09-15T13:57:28+00:00","twitter_card":"summary_large_image","twitter_misc":{"\u0648\u0642\u062a \u0627\u0644\u0642\u0631\u0627\u0621\u0629 \u0627\u0644\u0645\u064f\u0642\u062f\u0651\u0631":"1 \u062f\u0642\u064a\u0642\u0629"},"schema":{"@context":"https:\/\/schema.org","@graph":[{"@type":"WebPage","@id":"https:\/\/armcdh.ma\/ar\/les-films\/","url":"https:\/\/armcdh.ma\/ar\/les-films\/","name":"\u0623\u0641\u0644\u0627\u0645 - ARMCDH","isPartOf":{"@id":"https:\/\/armcdh.ma\/ar\/#website"},"datePublished":"2021-01-27T20:34:47+00:00","dateModified":"2023-09-15T13:57:28+00:00","breadcrumb":{"@id":"https:\/\/armcdh.ma\/ar\/les-films\/#breadcrumb"},"inLanguage":"ar","potentialAction":[{"@type":"ReadAction","target":["https:\/\/armcdh.ma\/ar\/les-films\/"]}]},{"@type":"BreadcrumbList","@id":"https:\/\/armcdh.ma\/ar\/les-films\/#breadcrumb","itemListElement":[{"@type":"ListItem","position":1,"name":"Accueil","item":"https:\/\/armcdh.ma\/ar\/"},{"@type":"ListItem","position":2,"name":"\u0623\u0641\u0644\u0627\u0645"}]},{"@type":"WebSite","@id":"https:\/\/armcdh.ma\/ar\/#website","url":"https:\/\/armcdh.ma\/ar\/","name":"ARMCDH","description":"L\u2019Association des Rencontres M\u00e9diterran\u00e9ennes du Cin\u00e9ma et des droits de l\u2019Homme,","publisher":{"@id":"https:\/\/armcdh.ma\/ar\/#organization"},"potentialAction":[{"@type":"SearchAction","target":{"@type":"EntryPoint","urlTemplate":"https:\/\/armcdh.ma\/ar\/?s={search_term_string}"},"query-input":{"@type":"PropertyValueSpecification","valueRequired":true,"valueName":"search_term_string"}}],"inLanguage":"ar"},{"@type":"Organization","@id":"https:\/\/armcdh.ma\/ar\/#organization","name":"ARMCDH : Association des Rencontres M\u00e9diterran\u00e9ennes du Cin\u00e9ma et des droits de l\u2019Homme","url":"https:\/\/armcdh.ma\/ar\/","logo":{"@type":"ImageObject","inLanguage":"ar","@id":"https:\/\/armcdh.ma\/ar\/#\/schema\/logo\/image\/","url":"https:\/\/armcdh.ma\/wp-content\/uploads\/2021\/01\/logo-armcdh-noir.png","contentUrl":"https:\/\/armcdh.ma\/wp-content\/uploads\/2021\/01\/logo-armcdh-noir.png","width":300,"height":94,"caption":"ARMCDH : Association des Rencontres M\u00e9diterran\u00e9ennes du Cin\u00e9ma et des droits de l\u2019Homme"},"image":{"@id":"https:\/\/armcdh.ma\/ar\/#\/schema\/logo\/image\/"}}]}},"_links":{"self":[{"href":"https:\/\/armcdh.ma\/ar\/wp-json\/wp\/v2\/pages\/8403","targetHints":{"allow":["GET"]}}],"collection":[{"href":"https:\/\/armcdh.ma\/ar\/wp-json\/wp\/v2\/pages"}],"about":[{"href":"https:\/\/armcdh.ma\/ar\/wp-json\/wp\/v2\/types\/page"}],"author":[{"embeddable":true,"href":"https:\/\/armcdh.ma\/ar\/wp-json\/wp\/v2\/users\/1"}],"replies":[{"embeddable":true,"href":"https:\/\/armcdh.ma\/ar\/wp-json\/wp\/v2\/comments?post=8403"}],"version-history":[{"count":0,"href":"https:\/\/armcdh.ma\/ar\/wp-json\/wp\/v2\/pages\/8403\/revisions"}],"wp:attachment":[{"href":"https:\/\/armcdh.ma\/ar\/wp-json\/wp\/v2\/media?parent=8403"}],"curies":[{"name":"wp","href":"https:\/\/api.w.org\/{rel}","templated":true}]}}