{"id":8405,"date":"2022-03-09T23:01:32","date_gmt":"2022-03-09T22:01:32","guid":{"rendered":"https:\/\/armcdh.ma\/inscription\/"},"modified":"2022-03-09T23:01:32","modified_gmt":"2022-03-09T22:01:32","slug":"inscription","status":"publish","type":"page","link":"https:\/\/armcdh.ma\/ar\/inscription\/","title":{"rendered":"Inscription"},"content":{"rendered":"<p><iframe style=\"width: 100%; height: 100%; min-height: 1000px; overflow: hidden;\" src=\"https:\/\/armcdh.ma\/event\/\" frameborder=\"0\" allowfullscreen=\"allowfullscreen\"><span data-mce-type=\"bookmark\" style=\"display: inline-block; width: 0px; overflow: hidden; line-height: 0;\" class=\"mce_SELRES_start\"><\/span><\/iframe><\/p>\n","protected":false},"excerpt":{"rendered":"","protected":false},"author":1,"featured_media":0,"parent":0,"menu_order":0,"comment_status":"closed","ping_status":"closed","template":"","meta":{"_acf_changed":false,"footnotes":""},"class_list":["post-8405","page","type-page","status-publish","hentry"],"acf":[],"yoast_head":"<!-- This site is optimized with the Yoast SEO plugin v26.2 - https:\/\/yoast.com\/wordpress\/plugins\/seo\/ -->\n<title>Inscription - ARMCDH<\/title>\n<meta name=\"robots\" content=\"index, follow, max-snippet:-1, max-image-preview:large, max-video-preview:-1\" \/>\n<link rel=\"canonical\" href=\"https:\/\/armcdh.ma\/ar\/inscription\/\" \/>\n<meta property=\"og:locale\" content=\"ar_AR\" \/>\n<meta property=\"og:type\" content=\"article\" \/>\n<meta property=\"og:title\" content=\"Inscription - ARMCDH\" \/>\n<meta property=\"og:url\" content=\"https:\/\/armcdh.ma\/ar\/inscription\/\" \/>\n<meta property=\"og:site_name\" content=\"ARMCDH\" \/>\n<meta name=\"twitter:card\" content=\"summary_large_image\" \/>\n<script type=\"application\/ld+json\" class=\"yoast-schema-graph\">{\"@context\":\"https:\/\/schema.org\",\"@graph\":[{\"@type\":\"WebPage\",\"@id\":\"https:\/\/armcdh.ma\/ar\/inscription\/\",\"url\":\"https:\/\/armcdh.ma\/ar\/inscription\/\",\"name\":\"Inscription - ARMCDH\",\"isPartOf\":{\"@id\":\"https:\/\/armcdh.ma\/ar\/#website\"},\"datePublished\":\"2022-03-09T22:01:32+00:00\",\"breadcrumb\":{\"@id\":\"https:\/\/armcdh.ma\/ar\/inscription\/#breadcrumb\"},\"inLanguage\":\"ar\",\"potentialAction\":[{\"@type\":\"ReadAction\",\"target\":[\"https:\/\/armcdh.ma\/ar\/inscription\/\"]}]},{\"@type\":\"BreadcrumbList\",\"@id\":\"https:\/\/armcdh.ma\/ar\/inscription\/#breadcrumb\",\"itemListElement\":[{\"@type\":\"ListItem\",\"position\":1,\"name\":\"Accueil\",\"item\":\"https:\/\/armcdh.ma\/ar\/\"},{\"@type\":\"ListItem\",\"position\":2,\"name\":\"Inscription\"}]},{\"@type\":\"WebSite\",\"@id\":\"https:\/\/armcdh.ma\/ar\/#website\",\"url\":\"https:\/\/armcdh.ma\/ar\/\",\"name\":\"ARMCDH\",\"description\":\"L\u2019Association des Rencontres M\u00e9diterran\u00e9ennes du Cin\u00e9ma et des droits de l\u2019Homme,\",\"publisher\":{\"@id\":\"https:\/\/armcdh.ma\/ar\/#organization\"},\"potentialAction\":[{\"@type\":\"SearchAction\",\"target\":{\"@type\":\"EntryPoint\",\"urlTemplate\":\"https:\/\/armcdh.ma\/ar\/?s={search_term_string}\"},\"query-input\":{\"@type\":\"PropertyValueSpecification\",\"valueRequired\":true,\"valueName\":\"search_term_string\"}}],\"inLanguage\":\"ar\"},{\"@type\":\"Organization\",\"@id\":\"https:\/\/armcdh.ma\/ar\/#organization\",\"name\":\"ARMCDH : Association des Rencontres M\u00e9diterran\u00e9ennes du Cin\u00e9ma et des droits de l\u2019Homme\",\"url\":\"https:\/\/armcdh.ma\/ar\/\",\"logo\":{\"@type\":\"ImageObject\",\"inLanguage\":\"ar\",\"@id\":\"https:\/\/armcdh.ma\/ar\/#\/schema\/logo\/image\/\",\"url\":\"https:\/\/armcdh.ma\/wp-content\/uploads\/2021\/01\/logo-armcdh-noir.png\",\"contentUrl\":\"https:\/\/armcdh.ma\/wp-content\/uploads\/2021\/01\/logo-armcdh-noir.png\",\"width\":300,\"height\":94,\"caption\":\"ARMCDH : Association des Rencontres M\u00e9diterran\u00e9ennes du Cin\u00e9ma et des droits de l\u2019Homme\"},\"image\":{\"@id\":\"https:\/\/armcdh.ma\/ar\/#\/schema\/logo\/image\/\"}}]}<\/script>\n<!-- \/ Yoast SEO plugin. -->","yoast_head_json":{"title":"Inscription - ARMCDH","robots":{"index":"index","follow":"follow","max-snippet":"max-snippet:-1","max-image-preview":"max-image-preview:large","max-video-preview":"max-video-preview:-1"},"canonical":"https:\/\/armcdh.ma\/ar\/inscription\/","og_locale":"ar_AR","og_type":"article","og_title":"Inscription - ARMCDH","og_url":"https:\/\/armcdh.ma\/ar\/inscription\/","og_site_name":"ARMCDH","twitter_card":"summary_large_image","schema":{"@context":"https:\/\/schema.org","@graph":[{"@type":"WebPage","@id":"https:\/\/armcdh.ma\/ar\/inscription\/","url":"https:\/\/armcdh.ma\/ar\/inscription\/","name":"Inscription - ARMCDH","isPartOf":{"@id":"https:\/\/armcdh.ma\/ar\/#website"},"datePublished":"2022-03-09T22:01:32+00:00","breadcrumb":{"@id":"https:\/\/armcdh.ma\/ar\/inscription\/#breadcrumb"},"inLanguage":"ar","potentialAction":[{"@type":"ReadAction","target":["https:\/\/armcdh.ma\/ar\/inscription\/"]}]},{"@type":"BreadcrumbList","@id":"https:\/\/armcdh.ma\/ar\/inscription\/#breadcrumb","itemListElement":[{"@type":"ListItem","position":1,"name":"Accueil","item":"https:\/\/armcdh.ma\/ar\/"},{"@type":"ListItem","position":2,"name":"Inscription"}]},{"@type":"WebSite","@id":"https:\/\/armcdh.ma\/ar\/#website","url":"https:\/\/armcdh.ma\/ar\/","name":"ARMCDH","description":"L\u2019Association des Rencontres M\u00e9diterran\u00e9ennes du Cin\u00e9ma et des droits de l\u2019Homme,","publisher":{"@id":"https:\/\/armcdh.ma\/ar\/#organization"},"potentialAction":[{"@type":"SearchAction","target":{"@type":"EntryPoint","urlTemplate":"https:\/\/armcdh.ma\/ar\/?s={search_term_string}"},"query-input":{"@type":"PropertyValueSpecification","valueRequired":true,"valueName":"search_term_string"}}],"inLanguage":"ar"},{"@type":"Organization","@id":"https:\/\/armcdh.ma\/ar\/#organization","name":"ARMCDH : Association des Rencontres M\u00e9diterran\u00e9ennes du Cin\u00e9ma et des droits de l\u2019Homme","url":"https:\/\/armcdh.ma\/ar\/","logo":{"@type":"ImageObject","inLanguage":"ar","@id":"https:\/\/armcdh.ma\/ar\/#\/schema\/logo\/image\/","url":"https:\/\/armcdh.ma\/wp-content\/uploads\/2021\/01\/logo-armcdh-noir.png","contentUrl":"https:\/\/armcdh.ma\/wp-content\/uploads\/2021\/01\/logo-armcdh-noir.png","width":300,"height":94,"caption":"ARMCDH : Association des Rencontres M\u00e9diterran\u00e9ennes du Cin\u00e9ma et des droits de l\u2019Homme"},"image":{"@id":"https:\/\/armcdh.ma\/ar\/#\/schema\/logo\/image\/"}}]}},"_links":{"self":[{"href":"https:\/\/armcdh.ma\/ar\/wp-json\/wp\/v2\/pages\/8405","targetHints":{"allow":["GET"]}}],"collection":[{"href":"https:\/\/armcdh.ma\/ar\/wp-json\/wp\/v2\/pages"}],"about":[{"href":"https:\/\/armcdh.ma\/ar\/wp-json\/wp\/v2\/types\/page"}],"author":[{"embeddable":true,"href":"https:\/\/armcdh.ma\/ar\/wp-json\/wp\/v2\/users\/1"}],"replies":[{"embeddable":true,"href":"https:\/\/armcdh.ma\/ar\/wp-json\/wp\/v2\/comments?post=8405"}],"version-history":[{"count":0,"href":"https:\/\/armcdh.ma\/ar\/wp-json\/wp\/v2\/pages\/8405\/revisions"}],"wp:attachment":[{"href":"https:\/\/armcdh.ma\/ar\/wp-json\/wp\/v2\/media?parent=8405"}],"curies":[{"name":"wp","href":"https:\/\/api.w.org\/{rel}","templated":true}]}}