{"id":9522,"date":"2017-05-04T11:16:44","date_gmt":"2017-05-04T09:16:44","guid":{"rendered":"https:\/\/armcdh.ma\/?page_id=9522"},"modified":"2023-09-22T11:07:24","modified_gmt":"2023-09-22T09:07:24","slug":"nous-contacter","status":"publish","type":"page","link":"https:\/\/armcdh.ma\/ar\/nous-contacter\/","title":{"rendered":"\u062a\u0648\u0627\u0635\u0644"},"content":{"rendered":"<p>[vc_row content_width=&#8221;grid&#8221; content_aligment=&#8221;right&#8221; css=&#8221;.vc_custom_1694697803158{padding-top: 100px !important;padding-bottom: 50px !important;}&#8221;][vc_column width=&#8221;7\/12&#8243; offset=&#8221;vc_col-lg-7 vc_col-md-offset-0 vc_col-md-12 vc_col-sm-offset-0 vc_col-xs-12&#8243;][vc_single_image image=&#8221;8281&#8243; img_size=&#8221;full&#8221;][\/vc_column][vc_column offset=&#8221;vc_col-lg-offset-0 vc_col-lg-1 vc_col-sm-offset-0 vc_col-xs-12&#8243;][\/vc_column][vc_column offset=&#8221;vc_col-lg-offset-0 vc_col-lg-4 vc_col-md-offset-0 vc_col-md-6 vc_col-sm-offset-0&#8243;][vc_column_text]<\/p>\n<h3 style=\"text-align: right;\">\u0627\u062a\u0635\u0644 \u0628\u0646\u0627<\/h3>\n<p>[\/vc_column_text][vc_empty_space height=&#8221;19px&#8221;][vc_column_text]\u0644\u062a\u0631\u0633\u0644 \u0644\u0646\u0627 \u0623\u0633\u0626\u0644\u062a\u0643 \u0623\u0648 \u0627\u0642\u062a\u0631\u0627\u062d\u0627\u062a\u0643 \u0623\u0648 \u062a\u0639\u0644\u064a\u0642\u0627\u062a\u0643[\/vc_column_text][vc_empty_space height=&#8221;15px&#8221;][vc_column_text]<strong>\u0627\u0644\u0639\u0646\u0648\u0627\u0646 \u0627\u0644\u0628\u0631\u064a\u062f\u064a<\/strong><\/p>\n<p>\u0634\u0642\u0629 3\u060c \u0631\u0642\u0645 5 \u0634\u0627\u0631\u0639 \u064a\u0648\u0633\u0641 \u0628\u0646 \u062a\u0627\u0634\u0641\u064a\u0646, \u062d\u0633\u0646, \u0627\u0644\u0631\u0628\u0627\u0637 10010 \u0627\u0644\u0645\u063a\u0631\u0628<\/p>\n<p><strong>\u0627\u0644\u0647\u0627\u062a\u0641<\/strong>: <a href=\"tel:+212 5 37 69 28 85\"><span dir=\"ltr\">(+212) 5 37 69 28 85<\/span><\/a><br \/>\n<strong>\u0627\u0644\u062c\u0648\u0627\u0644<\/strong>:<a href=\"tel:+212650183415\"> <span dir=\"ltr\">(+212)06 50 18 34 15<\/span><\/a>[\/vc_column_text][vc_empty_space height=&#8221;30px&#8221;]\n    <span class=\"edgtf-icon-shortcode normal\" style=\"margin: 0 25px 0 0\" data-hover-color=\"#cc9602\" data-color=\"#080808\">\n                    <a href=\"https:\/\/twitter.com\/ARMCDH\"\n                                    target=\"_blank\"\n                                >\n        \n        <span aria-hidden=\"true\" class=\"edgtf-icon-font-elegant social_twitter edgtf-icon-element\" style=\"color: #080808;font-size:15px\" ><\/span>\n        \n                    <\/a>\n            <\/span>\n\n\n    <span class=\"edgtf-icon-shortcode normal\" style=\"margin: 0 25px 0 0\" data-hover-color=\"#cc9602\" data-color=\"#080808\">\n                    <a href=\"https:\/\/www.instagram.com\/armcdh\"\n                                    target=\"_blank\"\n                                >\n        \n        <span aria-hidden=\"true\" class=\"edgtf-icon-font-elegant social_instagram edgtf-icon-element\" style=\"color: #080808;font-size:15px\" ><\/span>\n        \n                    <\/a>\n            <\/span>\n\n\n    <span class=\"edgtf-icon-shortcode normal\" style=\"margin: 0 25px 0 0\" data-hover-color=\"#cc9602\" data-color=\"#080808\">\n                    <a href=\"https:\/\/www.facebook.com\/armcdh\"\n                                    target=\"_blank\"\n                                >\n        \n        <span aria-hidden=\"true\" class=\"edgtf-icon-font-elegant social_facebook edgtf-icon-element\" style=\"color: #080808;font-size:15px\" ><\/span>\n        \n                    <\/a>\n            <\/span>\n\n\n    <span class=\"edgtf-icon-shortcode normal\" style=\"margin: 0 25px 0 0\" data-hover-color=\"#cc9602\" data-color=\"#080808\">\n                    <a href=\"https:\/\/www.linkedin.com\/company\/armcdh\/\"\n                                    target=\"_blank\"\n                                >\n        \n        <span aria-hidden=\"true\" class=\"edgtf-icon-font-elegant social_linkedin edgtf-icon-element\" style=\"color: #080808;font-size:15px\" ><\/span>\n        \n                    <\/a>\n            <\/span>\n\n\n    <span class=\"edgtf-icon-shortcode normal\" style=\"margin: 0 25px 0 0\" data-hover-color=\"#cc9602\" data-color=\"#080808\">\n                    <a href=\"https:\/\/www.youtube.com\/user\/ARMCDH\"\n                                    target=\"_blank\"\n                                >\n        \n        <span aria-hidden=\"true\" class=\"edgtf-icon-font-elegant social_youtube edgtf-icon-element\" style=\"color: #080808;font-size:15px\" ><\/span>\n        \n                    <\/a>\n            <\/span>\n\n[vc_empty_space height=&#8221;50px&#8221;][\/vc_column][\/vc_row][vc_row][vc_column][vc_raw_html]JTNDaWZyYW1lJTIwc3JjJTNEJTIyaHR0cHMlM0ElMkYlMkZ3d3cuZ29vZ2xlLmNvbSUyRm1hcHMlMkZlbWJlZCUzRnBiJTNEJTIxMW0xNCUyMTFtOCUyMTFtMyUyMTFkMTMyMjkuMzc5MTAzNTczNDc0JTIxMmQtNi44NTgyMzclMjEzZDM0LjAwOTM2JTIxM20yJTIxMWkxMDI0JTIxMmk3NjglMjE0ZjEzLjElMjEzbTMlMjExbTIlMjExczB4MCUyNTNBMHhlNmFiYzdhNDE0ZTEzNWQ1JTIxMnNBUk1DREglMjE1ZTAlMjEzbTIlMjExc2ZyJTIxMnNtYSUyMTR2MTYxODQzNjI2MzM3OCUyMTVtMiUyMTFzZnIlMjEyc21hJTIyJTIwd2lkdGglM0QlMjIxMDAlMjUlMjIlMjBoZWlnaHQlM0QlMjI2NTAlMjIlMjBzdHlsZSUzRCUyMmJvcmRlciUzQTAlM0IlMjIlMjBhbGxvd2Z1bGxzY3JlZW4lM0QlMjIlMjIlMjBsb2FkaW5nJTNEJTIybGF6eSUyMiUzRSUzQyUyRmlmcmFtZSUzRQ==[\/vc_raw_html][\/vc_column][\/vc_row]<\/p>\n","protected":false},"excerpt":{"rendered":"<p>[vc_row content_width=&#8221;grid&#8221; content_aligment=&#8221;right&#8221; css=&#8221;.vc_custom_1694697803158{padding-top: 100px !important;padding-bottom: 50px !important;}&#8221;][vc_column width=&#8221;7\/12&#8243; offset=&#8221;vc_col-lg-7 vc_col-md-offset-0 vc_col-md-12 vc_col-sm-offset-0 vc_col-xs-12&#8243;][vc_single_image image=&#8221;8281&#8243; img_size=&#8221;full&#8221;][\/vc_column][vc_column offset=&#8221;vc_col-lg-offset-0 vc_col-lg-1 vc_col-sm-offset-0 vc_col-xs-12&#8243;][\/vc_column][vc_column offset=&#8221;vc_col-lg-offset-0 vc_col-lg-4 vc_col-md-offset-0 vc_col-md-6 vc_col-sm-offset-0&#8243;][vc_column_text] \u0627\u062a\u0635\u0644 \u0628\u0646\u0627 [\/vc_column_text][vc_empty_space height=&#8221;19px&#8221;][vc_column_text]\u0644\u062a\u0631\u0633\u0644 \u0644\u0646\u0627 \u0623\u0633\u0626\u0644\u062a\u0643 \u0623\u0648 \u0627\u0642\u062a\u0631\u0627\u062d\u0627\u062a\u0643 \u0623\u0648 \u062a\u0639\u0644\u064a\u0642\u0627\u062a\u0643[\/vc_column_text][vc_empty_space height=&#8221;15px&#8221;][vc_column_text]\u0627\u0644\u0639\u0646\u0648\u0627\u0646 \u0627\u0644\u0628\u0631\u064a\u062f\u064a \u0634\u0642\u0629 3\u060c \u0631\u0642\u0645 5 \u0634\u0627\u0631\u0639 \u064a\u0648\u0633\u0641 \u0628\u0646 \u062a\u0627\u0634\u0641\u064a\u0646,&#8230;<\/p>\n","protected":false},"author":1,"featured_media":0,"parent":0,"menu_order":0,"comment_status":"closed","ping_status":"closed","template":"full-width.php","meta":{"_acf_changed":false,"footnotes":""},"class_list":["post-9522","page","type-page","status-publish","hentry"],"acf":[],"yoast_head":"<!-- This site is optimized with the Yoast SEO plugin v26.2 - https:\/\/yoast.com\/wordpress\/plugins\/seo\/ -->\n<title>\u062a\u0648\u0627\u0635\u0644 - ARMCDH<\/title>\n<meta name=\"robots\" content=\"index, follow, max-snippet:-1, max-image-preview:large, max-video-preview:-1\" \/>\n<link rel=\"canonical\" href=\"https:\/\/armcdh.ma\/ar\/nous-contacter\/\" \/>\n<meta property=\"og:locale\" content=\"ar_AR\" \/>\n<meta property=\"og:type\" content=\"article\" \/>\n<meta property=\"og:title\" content=\"\u062a\u0648\u0627\u0635\u0644 - ARMCDH\" \/>\n<meta property=\"og:description\" content=\"[vc_row content_width=&#8221;grid&#8221; content_aligment=&#8221;right&#8221; css=&#8221;.vc_custom_1694697803158{padding-top: 100px !important;padding-bottom: 50px !important;}&#8221;][vc_column width=&#8221;7\/12&#8243; offset=&#8221;vc_col-lg-7 vc_col-md-offset-0 vc_col-md-12 vc_col-sm-offset-0 vc_col-xs-12&#8243;][vc_single_image image=&#8221;8281&#8243; img_size=&#8221;full&#8221;][\/vc_column][vc_column offset=&#8221;vc_col-lg-offset-0 vc_col-lg-1 vc_col-sm-offset-0 vc_col-xs-12&#8243;][\/vc_column][vc_column offset=&#8221;vc_col-lg-offset-0 vc_col-lg-4 vc_col-md-offset-0 vc_col-md-6 vc_col-sm-offset-0&#8243;][vc_column_text] \u0627\u062a\u0635\u0644 \u0628\u0646\u0627 [\/vc_column_text][vc_empty_space height=&#8221;19px&#8221;][vc_column_text]\u0644\u062a\u0631\u0633\u0644 \u0644\u0646\u0627 \u0623\u0633\u0626\u0644\u062a\u0643 \u0623\u0648 \u0627\u0642\u062a\u0631\u0627\u062d\u0627\u062a\u0643 \u0623\u0648 \u062a\u0639\u0644\u064a\u0642\u0627\u062a\u0643[\/vc_column_text][vc_empty_space height=&#8221;15px&#8221;][vc_column_text]\u0627\u0644\u0639\u0646\u0648\u0627\u0646 \u0627\u0644\u0628\u0631\u064a\u062f\u064a \u0634\u0642\u0629 3\u060c \u0631\u0642\u0645 5 \u0634\u0627\u0631\u0639 \u064a\u0648\u0633\u0641 \u0628\u0646 \u062a\u0627\u0634\u0641\u064a\u0646,...\" \/>\n<meta property=\"og:url\" content=\"https:\/\/armcdh.ma\/ar\/nous-contacter\/\" \/>\n<meta property=\"og:site_name\" content=\"ARMCDH\" \/>\n<meta property=\"article:modified_time\" content=\"2023-09-22T09:07:24+00:00\" \/>\n<meta name=\"twitter:card\" content=\"summary_large_image\" \/>\n<meta name=\"twitter:label1\" content=\"\u0648\u0642\u062a \u0627\u0644\u0642\u0631\u0627\u0621\u0629 \u0627\u0644\u0645\u064f\u0642\u062f\u0651\u0631\" \/>\n\t<meta name=\"twitter:data1\" content=\"1 \u062f\u0642\u064a\u0642\u0629\" \/>\n<script type=\"application\/ld+json\" class=\"yoast-schema-graph\">{\"@context\":\"https:\/\/schema.org\",\"@graph\":[{\"@type\":\"WebPage\",\"@id\":\"https:\/\/armcdh.ma\/ar\/nous-contacter\/\",\"url\":\"https:\/\/armcdh.ma\/ar\/nous-contacter\/\",\"name\":\"\u062a\u0648\u0627\u0635\u0644 - ARMCDH\",\"isPartOf\":{\"@id\":\"https:\/\/armcdh.ma\/ar\/#website\"},\"datePublished\":\"2017-05-04T09:16:44+00:00\",\"dateModified\":\"2023-09-22T09:07:24+00:00\",\"breadcrumb\":{\"@id\":\"https:\/\/armcdh.ma\/ar\/nous-contacter\/#breadcrumb\"},\"inLanguage\":\"ar\",\"potentialAction\":[{\"@type\":\"ReadAction\",\"target\":[\"https:\/\/armcdh.ma\/ar\/nous-contacter\/\"]}]},{\"@type\":\"BreadcrumbList\",\"@id\":\"https:\/\/armcdh.ma\/ar\/nous-contacter\/#breadcrumb\",\"itemListElement\":[{\"@type\":\"ListItem\",\"position\":1,\"name\":\"Accueil\",\"item\":\"https:\/\/armcdh.ma\/ar\/\"},{\"@type\":\"ListItem\",\"position\":2,\"name\":\"\u062a\u0648\u0627\u0635\u0644\"}]},{\"@type\":\"WebSite\",\"@id\":\"https:\/\/armcdh.ma\/ar\/#website\",\"url\":\"https:\/\/armcdh.ma\/ar\/\",\"name\":\"ARMCDH\",\"description\":\"L\u2019Association des Rencontres M\u00e9diterran\u00e9ennes du Cin\u00e9ma et des droits de l\u2019Homme,\",\"publisher\":{\"@id\":\"https:\/\/armcdh.ma\/ar\/#organization\"},\"potentialAction\":[{\"@type\":\"SearchAction\",\"target\":{\"@type\":\"EntryPoint\",\"urlTemplate\":\"https:\/\/armcdh.ma\/ar\/?s={search_term_string}\"},\"query-input\":{\"@type\":\"PropertyValueSpecification\",\"valueRequired\":true,\"valueName\":\"search_term_string\"}}],\"inLanguage\":\"ar\"},{\"@type\":\"Organization\",\"@id\":\"https:\/\/armcdh.ma\/ar\/#organization\",\"name\":\"ARMCDH : Association des Rencontres M\u00e9diterran\u00e9ennes du Cin\u00e9ma et des droits de l\u2019Homme\",\"url\":\"https:\/\/armcdh.ma\/ar\/\",\"logo\":{\"@type\":\"ImageObject\",\"inLanguage\":\"ar\",\"@id\":\"https:\/\/armcdh.ma\/ar\/#\/schema\/logo\/image\/\",\"url\":\"https:\/\/armcdh.ma\/wp-content\/uploads\/2021\/01\/logo-armcdh-noir.png\",\"contentUrl\":\"https:\/\/armcdh.ma\/wp-content\/uploads\/2021\/01\/logo-armcdh-noir.png\",\"width\":300,\"height\":94,\"caption\":\"ARMCDH : Association des Rencontres M\u00e9diterran\u00e9ennes du Cin\u00e9ma et des droits de l\u2019Homme\"},\"image\":{\"@id\":\"https:\/\/armcdh.ma\/ar\/#\/schema\/logo\/image\/\"}}]}<\/script>\n<!-- \/ Yoast SEO plugin. -->","yoast_head_json":{"title":"\u062a\u0648\u0627\u0635\u0644 - ARMCDH","robots":{"index":"index","follow":"follow","max-snippet":"max-snippet:-1","max-image-preview":"max-image-preview:large","max-video-preview":"max-video-preview:-1"},"canonical":"https:\/\/armcdh.ma\/ar\/nous-contacter\/","og_locale":"ar_AR","og_type":"article","og_title":"\u062a\u0648\u0627\u0635\u0644 - ARMCDH","og_description":"[vc_row content_width=&#8221;grid&#8221; content_aligment=&#8221;right&#8221; css=&#8221;.vc_custom_1694697803158{padding-top: 100px !important;padding-bottom: 50px !important;}&#8221;][vc_column width=&#8221;7\/12&#8243; offset=&#8221;vc_col-lg-7 vc_col-md-offset-0 vc_col-md-12 vc_col-sm-offset-0 vc_col-xs-12&#8243;][vc_single_image image=&#8221;8281&#8243; img_size=&#8221;full&#8221;][\/vc_column][vc_column offset=&#8221;vc_col-lg-offset-0 vc_col-lg-1 vc_col-sm-offset-0 vc_col-xs-12&#8243;][\/vc_column][vc_column offset=&#8221;vc_col-lg-offset-0 vc_col-lg-4 vc_col-md-offset-0 vc_col-md-6 vc_col-sm-offset-0&#8243;][vc_column_text] \u0627\u062a\u0635\u0644 \u0628\u0646\u0627 [\/vc_column_text][vc_empty_space height=&#8221;19px&#8221;][vc_column_text]\u0644\u062a\u0631\u0633\u0644 \u0644\u0646\u0627 \u0623\u0633\u0626\u0644\u062a\u0643 \u0623\u0648 \u0627\u0642\u062a\u0631\u0627\u062d\u0627\u062a\u0643 \u0623\u0648 \u062a\u0639\u0644\u064a\u0642\u0627\u062a\u0643[\/vc_column_text][vc_empty_space height=&#8221;15px&#8221;][vc_column_text]\u0627\u0644\u0639\u0646\u0648\u0627\u0646 \u0627\u0644\u0628\u0631\u064a\u062f\u064a \u0634\u0642\u0629 3\u060c \u0631\u0642\u0645 5 \u0634\u0627\u0631\u0639 \u064a\u0648\u0633\u0641 \u0628\u0646 \u062a\u0627\u0634\u0641\u064a\u0646,...","og_url":"https:\/\/armcdh.ma\/ar\/nous-contacter\/","og_site_name":"ARMCDH","article_modified_time":"2023-09-22T09:07:24+00:00","twitter_card":"summary_large_image","twitter_misc":{"\u0648\u0642\u062a \u0627\u0644\u0642\u0631\u0627\u0621\u0629 \u0627\u0644\u0645\u064f\u0642\u062f\u0651\u0631":"1 \u062f\u0642\u064a\u0642\u0629"},"schema":{"@context":"https:\/\/schema.org","@graph":[{"@type":"WebPage","@id":"https:\/\/armcdh.ma\/ar\/nous-contacter\/","url":"https:\/\/armcdh.ma\/ar\/nous-contacter\/","name":"\u062a\u0648\u0627\u0635\u0644 - ARMCDH","isPartOf":{"@id":"https:\/\/armcdh.ma\/ar\/#website"},"datePublished":"2017-05-04T09:16:44+00:00","dateModified":"2023-09-22T09:07:24+00:00","breadcrumb":{"@id":"https:\/\/armcdh.ma\/ar\/nous-contacter\/#breadcrumb"},"inLanguage":"ar","potentialAction":[{"@type":"ReadAction","target":["https:\/\/armcdh.ma\/ar\/nous-contacter\/"]}]},{"@type":"BreadcrumbList","@id":"https:\/\/armcdh.ma\/ar\/nous-contacter\/#breadcrumb","itemListElement":[{"@type":"ListItem","position":1,"name":"Accueil","item":"https:\/\/armcdh.ma\/ar\/"},{"@type":"ListItem","position":2,"name":"\u062a\u0648\u0627\u0635\u0644"}]},{"@type":"WebSite","@id":"https:\/\/armcdh.ma\/ar\/#website","url":"https:\/\/armcdh.ma\/ar\/","name":"ARMCDH","description":"L\u2019Association des Rencontres M\u00e9diterran\u00e9ennes du Cin\u00e9ma et des droits de l\u2019Homme,","publisher":{"@id":"https:\/\/armcdh.ma\/ar\/#organization"},"potentialAction":[{"@type":"SearchAction","target":{"@type":"EntryPoint","urlTemplate":"https:\/\/armcdh.ma\/ar\/?s={search_term_string}"},"query-input":{"@type":"PropertyValueSpecification","valueRequired":true,"valueName":"search_term_string"}}],"inLanguage":"ar"},{"@type":"Organization","@id":"https:\/\/armcdh.ma\/ar\/#organization","name":"ARMCDH : Association des Rencontres M\u00e9diterran\u00e9ennes du Cin\u00e9ma et des droits de l\u2019Homme","url":"https:\/\/armcdh.ma\/ar\/","logo":{"@type":"ImageObject","inLanguage":"ar","@id":"https:\/\/armcdh.ma\/ar\/#\/schema\/logo\/image\/","url":"https:\/\/armcdh.ma\/wp-content\/uploads\/2021\/01\/logo-armcdh-noir.png","contentUrl":"https:\/\/armcdh.ma\/wp-content\/uploads\/2021\/01\/logo-armcdh-noir.png","width":300,"height":94,"caption":"ARMCDH : Association des Rencontres M\u00e9diterran\u00e9ennes du Cin\u00e9ma et des droits de l\u2019Homme"},"image":{"@id":"https:\/\/armcdh.ma\/ar\/#\/schema\/logo\/image\/"}}]}},"_links":{"self":[{"href":"https:\/\/armcdh.ma\/ar\/wp-json\/wp\/v2\/pages\/9522","targetHints":{"allow":["GET"]}}],"collection":[{"href":"https:\/\/armcdh.ma\/ar\/wp-json\/wp\/v2\/pages"}],"about":[{"href":"https:\/\/armcdh.ma\/ar\/wp-json\/wp\/v2\/types\/page"}],"author":[{"embeddable":true,"href":"https:\/\/armcdh.ma\/ar\/wp-json\/wp\/v2\/users\/1"}],"replies":[{"embeddable":true,"href":"https:\/\/armcdh.ma\/ar\/wp-json\/wp\/v2\/comments?post=9522"}],"version-history":[{"count":0,"href":"https:\/\/armcdh.ma\/ar\/wp-json\/wp\/v2\/pages\/9522\/revisions"}],"wp:attachment":[{"href":"https:\/\/armcdh.ma\/ar\/wp-json\/wp\/v2\/media?parent=9522"}],"curies":[{"name":"wp","href":"https:\/\/api.w.org\/{rel}","templated":true}]}}